{"id":77233,"date":"2021-12-01T14:17:37","date_gmt":"2021-12-01T13:17:37","guid":{"rendered":"https:\/\/www.vesterling.com\/?page_id=77233"},"modified":"2023-04-14T09:46:45","modified_gmt":"2023-04-14T07:46:45","slug":"fr-technology-recruiting","status":"publish","type":"page","link":"https:\/\/www.vesterling.com\/fr\/fr-technology-recruiting\/","title":{"rendered":"Technology Recruiting"},"content":{"rendered":"\r\n    <div  class=\"zw-cgb textblock default-margin\">\r\n      <div class=\"row\">\r\n        <div class=\"zw-cgb-content mx-auto col-12 col-lg-8 \">\r\n          <h1 class=\"inner-headline\">Votre recruteur pour les postes sp\u00e9cialis\u00e9s dans l&rsquo;informatique et l&rsquo;\u00e9nergie<\/h1><p class=\" zw-cgb fulltext\">Vous avez besoin du soutien d&rsquo;un cabinet de recrutement qui comprend la technologie? Profitez de notre comp\u00e9tence en mati\u00e8re de recrutement technologique. Nos excellents contacts avec 300.000 professionnels et cadres dans le secteur de la technologie se traduisent en permanence par des recrutements r\u00e9ussis pour des postes en informatique et en ing\u00e9nierie. Notre comp\u00e9tence technologique, notre r\u00e9seau de candidats et nos succ\u00e8s de recrutement sont autant de bonnes raisons de faire appel \u00e0 Vesterling, tout comme notre discr\u00e9tion, notre loyaut\u00e9 et nos principes d&rsquo;\u00e9galit\u00e9 de traitement.<\/p>        <\/div>\r\n      <\/div>\r\n    <\/div>\r\n\r\n\n\n    <div  class=\"zw-cgb halb-halb-block fullwidth default-margin\">\r\n      <div class=\"row\">\r\n        <div class=\"col-lg-6 col-12 image order-1 order-lg-2  px-0\">\r\n          <img decoding=\"async\" loading=\"lazy\" width=\"1024px\" height=\"483px\" alt=\"\" src=\"https:\/\/www.vesterling.com\/wp-content\/uploads\/2021\/08\/vesterling_meeting_mann_arbeitet_am_laptop.jpg\" srcset=\"https:\/\/www.vesterling.com\/wp-content\/uploads\/2021\/08\/vesterling_meeting_mann_arbeitet_am_laptop.jpg 960w, https:\/\/www.vesterling.com\/wp-content\/uploads\/2021\/08\/vesterling_meeting_mann_arbeitet_am_laptop-768x512.jpg 768w, https:\/\/www.vesterling.com\/wp-content\/uploads\/2021\/08\/vesterling_meeting_mann_arbeitet_am_laptop-480x320.jpg 480w\" sizes=\"auto, (max-width: 1024px) 100vw, 1024px\">        <\/div>\r\n\r\n        <div class=\"half-content col-lg-6 col-12 order-2 order-lg-1\"><h2 class=\" zw-cgb headline\">Notre expertise<\/h2><div class=\"inner-content list-col-1\"><p class=\" zw-cgb fulltext\"><strong>Nous disposons d\u2019une expertise de placement particuli\u00e8rement \u00e9lev\u00e9e dans les domaines suivants<\/strong><\/p><p class=\" zw-cgb fulltext\">Direction informatique | IA | Num\u00e9risation | CIO | CDO | Gestion des services informatiques | Business Intelligence | SCRUM Master | Syst\u00e8mes embarqu\u00e9s | DevOps | Java | Administration informatique | C# | SAP | D\u00e9veloppement de logiciels | SCRUM Product Owner | Gestion de la qualit\u00e9 des logiciels | Gouvernance informatique | Syst\u00e8mes ERP | Ventes informatiques | Ing\u00e9nierie des donn\u00e9es | S\u00e9curit\u00e9 informatique<\/p><\/div><div class=\"link-container\"><\/div><\/div>      <\/div>\r\n\r\n    <\/div>\r\n\n\n<div id=\"parent63857\" class=\"zw-cgb akkordion700 default-margin\">\r\n    <div class=\"row\"><div class=\"zw-cgb-content mx-auto col-12 col-lg-11 \"><h2 class=\" zw-cgb headline\">Vos avantages<\/h2><div id=\"zw-ca3ce973-922d-4e59-b1b1-c4ffd23e713e-0\" class=\"single-akkordion-item\" type=\"button\" \r\n              data-bs-toggle=\"collapse\" data-bs-target=\"#zw-ca3ce973-922d-4e59-b1b1-c4ffd23e713e\" aria-expanded=\"true\" aria-controls=\"collapseOne\"><div class=\"faq-headline-container d-flex\"><h3 class=\"zw-cgb subheadline faq\">1. Comp\u00e9tence technologique<\/h3>\r\n            <img decoding=\"async\" class=\"pfeil-hoch\" width=\"22px\" height=\"22px\" src=\"https:\/\/www.vesterling.com\/wp-content\/themes\/zw-vlg-theme\/img\/pfeil_akkordion.svg\" alt=\"pfeil-hoch\">\r\n            <img decoding=\"async\" class=\"pfeil-runter\" width=\"22px\" height=\"22px\" src=\"https:\/\/www.vesterling.com\/wp-content\/themes\/zw-vlg-theme\/img\/pfeil_akkordion.svg\" alt=\"pfeil-runter\">\r\n            <\/div><\/div><div id=\"zw-ca3ce973-922d-4e59-b1b1-c4ffd23e713e\" class=\"collapse show single-akkordion-item mt-0\" data-bs-parent=\"#parent63857\"><p class=\" zw-cgb fulltext\">Nos conseillers en recrutement sont dipl\u00f4m\u00e9s en technologie et ont acquis une exp\u00e9rience professionnelle pertinente dans le domaine des technologies de l&rsquo;information et de l&rsquo;ing\u00e9nierie. Ils disposent de la comp\u00e9tence rare sur le march\u00e9 de pouvoir \u00e9valuer l&rsquo;aptitude professionnelle d&rsquo;un candidat pour un poste technologique. Nos recruteurs ont de nombreuses ann\u00e9es d&rsquo;exp\u00e9rience dans l&rsquo;\u00e9valuation des qualit\u00e9s personnelles d&rsquo;un candidat, notamment gr\u00e2ce \u00e0 leur propre travail \u00e0 des postes de direction.<\/p><\/div><div id=\"zw-4bd0707d-72fa-4af5-a39a-cd6117d29ad8-1\" class=\"single-akkordion-item collapsed\" type=\"button\" \r\n              data-bs-toggle=\"collapse\" data-bs-target=\"#zw-4bd0707d-72fa-4af5-a39a-cd6117d29ad8\" aria-expanded=\"false\" aria-controls=\"collapsetwo\"><div class=\"faq-headline-container d-flex\"><h3 class=\"zw-cgb subheadline faq\">2. Top r\u00e9seau de candidats<\/h3>\r\n            <img decoding=\"async\" class=\"pfeil-hoch\" width=\"22px\" height=\"22px\" src=\"https:\/\/www.vesterling.com\/wp-content\/themes\/zw-vlg-theme\/img\/pfeil_akkordion.svg\" alt=\"pfeil-hoch\">\r\n            <img decoding=\"async\" class=\"pfeil-runter\" width=\"22px\" height=\"22px\" src=\"https:\/\/www.vesterling.com\/wp-content\/themes\/zw-vlg-theme\/img\/pfeil_akkordion.svg\" alt=\"pfeil-runter\">\r\n            <\/div><\/div><div id=\"zw-4bd0707d-72fa-4af5-a39a-cd6117d29ad8\" class=\"collapse single-akkordion-item mt-0\" data-bs-parent=\"#parent63857\"><p class=\" zw-cgb fulltext\">Nous accompagnons les professionnels \u00e0 long terme dans leur carri\u00e8re et disposons donc des meilleurs contacts avec 300.000 candidats qualifi\u00e9s dans le domaine de la technologie. Ceux-ci nous pr\u00e9f\u00e8rent en tant que conseiller en recrutement neutre lorsqu&rsquo;ils sont en contrat de travail non r\u00e9sili\u00e9. Les informaticiens et les ing\u00e9nieurs attachent une grande importance \u00e0 nos conseils sp\u00e9cialis\u00e9s lors d&rsquo;un changement de poste. Souvent, ils ne sont int\u00e9ress\u00e9s par un poste que si l&rsquo;environnement technologique correspond \u00e0 leurs attentes.<\/p><\/div><div id=\"zw-b5d66f63-ac40-4593-af14-67661e189687-2\" class=\"single-akkordion-item collapsed\" type=\"button\" \r\n              data-bs-toggle=\"collapse\" data-bs-target=\"#zw-b5d66f63-ac40-4593-af14-67661e189687\" aria-expanded=\"false\" aria-controls=\"collapsetwo\"><div class=\"faq-headline-container d-flex\"><h3 class=\"zw-cgb subheadline faq\">3. Succ\u00e8s de casting \u00e9lev\u00e9<\/h3>\r\n            <img decoding=\"async\" class=\"pfeil-hoch\" width=\"22px\" height=\"22px\" src=\"https:\/\/www.vesterling.com\/wp-content\/themes\/zw-vlg-theme\/img\/pfeil_akkordion.svg\" alt=\"pfeil-hoch\">\r\n            <img decoding=\"async\" class=\"pfeil-runter\" width=\"22px\" height=\"22px\" src=\"https:\/\/www.vesterling.com\/wp-content\/themes\/zw-vlg-theme\/img\/pfeil_akkordion.svg\" alt=\"pfeil-runter\">\r\n            <\/div><\/div><div id=\"zw-b5d66f63-ac40-4593-af14-67661e189687\" class=\"collapse single-akkordion-item mt-0\" data-bs-parent=\"#parent63857\"><p class=\" zw-cgb fulltext\">Nous ne faisons que bouillir de l&rsquo;eau, mais avec une bien plus grande marmite. Comme nous sommes r\u00e9guli\u00e8rement charg\u00e9s de pourvoir des postes similaires, nous pouvons nous appuyer sur un pool de professionnels qualifi\u00e9s qui s&rsquo;est constitu\u00e9 au fil des ans. Nos clients profitent de cette synergie en termes d&rsquo;ad\u00e9quation des profils des candidats et de rapidit\u00e9 de pourvoi des postes. Nous avons d\u00e9j\u00e0 recrut\u00e9 des collaborateurs parfaitement adapt\u00e9s aux domaines de l&rsquo;informatique et de l&rsquo;ing\u00e9nierie pour 2.500 entreprises.<\/p><\/div><div id=\"zw-f67b0196-ed84-4b41-ae7c-538d82f79cf7-3\" class=\"single-akkordion-item collapsed\" type=\"button\" \r\n              data-bs-toggle=\"collapse\" data-bs-target=\"#zw-f67b0196-ed84-4b41-ae7c-538d82f79cf7\" aria-expanded=\"false\" aria-controls=\"collapsetwo\"><div class=\"faq-headline-container d-flex\"><h3 class=\"zw-cgb subheadline faq\">4. Qualit\u00e9 et discr\u00e9tion<\/h3>\r\n            <img decoding=\"async\" class=\"pfeil-hoch\" width=\"22px\" height=\"22px\" src=\"https:\/\/www.vesterling.com\/wp-content\/themes\/zw-vlg-theme\/img\/pfeil_akkordion.svg\" alt=\"pfeil-hoch\">\r\n            <img decoding=\"async\" class=\"pfeil-runter\" width=\"22px\" height=\"22px\" src=\"https:\/\/www.vesterling.com\/wp-content\/themes\/zw-vlg-theme\/img\/pfeil_akkordion.svg\" alt=\"pfeil-runter\">\r\n            <\/div><\/div><div id=\"zw-f67b0196-ed84-4b41-ae7c-538d82f79cf7\" class=\"collapse single-akkordion-item mt-0\" data-bs-parent=\"#parent63857\"><p class=\" zw-cgb fulltext\">Vesterling est r\u00e9guli\u00e8rement r\u00e9compens\u00e9 et fait partie des meilleures agences de recrutement dans le domaine de la recherche professionnelle et sp\u00e9cialis\u00e9e. Nos exigences de qualit\u00e9 \u00e9lev\u00e9es sont conformes \u00e0 la norme DIN ISO 9001. Chez nous, votre mission de recherche est entre de bonnes mains: La confidentialit\u00e9 et la protection des donn\u00e9es sont pour nous une \u00e9vidence. Ceci est particuli\u00e8rement important pour vous si vous ne souhaitez pas informer pr\u00e9matur\u00e9ment vos concurrents ou vos propres collaborateurs des changements de personnel \u00e0 venir.<\/p><\/div><div id=\"zw-eafd6ae3-4dc7-494d-b4f9-0686e9e3a036-4\" class=\"single-akkordion-item collapsed\" type=\"button\" \r\n              data-bs-toggle=\"collapse\" data-bs-target=\"#zw-eafd6ae3-4dc7-494d-b4f9-0686e9e3a036\" aria-expanded=\"false\" aria-controls=\"collapsetwo\"><div class=\"faq-headline-container d-flex\"><h3 class=\"zw-cgb subheadline faq\">5. S\u00e9curit\u00e9 de la d\u00e9cision<\/h3>\r\n            <img decoding=\"async\" class=\"pfeil-hoch\" width=\"22px\" height=\"22px\" src=\"https:\/\/www.vesterling.com\/wp-content\/themes\/zw-vlg-theme\/img\/pfeil_akkordion.svg\" alt=\"pfeil-hoch\">\r\n            <img decoding=\"async\" class=\"pfeil-runter\" width=\"22px\" height=\"22px\" src=\"https:\/\/www.vesterling.com\/wp-content\/themes\/zw-vlg-theme\/img\/pfeil_akkordion.svg\" alt=\"pfeil-runter\">\r\n            <\/div><\/div><div id=\"zw-eafd6ae3-4dc7-494d-b4f9-0686e9e3a036\" class=\"collapse single-akkordion-item mt-0\" data-bs-parent=\"#parent63857\"><p class=\" zw-cgb fulltext\">Notre sp\u00e9cialisation dans le domaine de la technologie nous permet d&rsquo;identifier avec pr\u00e9cision les besoins professionnels de nos clients. Nous connaissons parfaitement le march\u00e9 de l&#8217;emploi du point de vue des offreurs et des demandeurs. D\u00e8s le premier entretien de conseil, nous pouvons s\u00e9curiser nos clients gr\u00e2ce \u00e0 des informations objectives et minimiser ainsi le risque d&rsquo;une mauvaise d\u00e9cision co\u00fbteuse. De plus en plus, le succ\u00e8s de toute l&rsquo;entreprise d\u00e9pend du recrutement des bons collaborateurs dans le domaine de la technologie.<\/p><\/div><div id=\"zw-ba486da6-5dca-48ff-9b4f-a75996356aa1-5\" class=\"single-akkordion-item collapsed\" type=\"button\" \r\n              data-bs-toggle=\"collapse\" data-bs-target=\"#zw-ba486da6-5dca-48ff-9b4f-a75996356aa1\" aria-expanded=\"false\" aria-controls=\"collapsetwo\"><div class=\"faq-headline-container d-flex\"><h3 class=\"zw-cgb subheadline faq\">6. Loyaut\u00e9 et respect<\/h3>\r\n            <img decoding=\"async\" class=\"pfeil-hoch\" width=\"22px\" height=\"22px\" src=\"https:\/\/www.vesterling.com\/wp-content\/themes\/zw-vlg-theme\/img\/pfeil_akkordion.svg\" alt=\"pfeil-hoch\">\r\n            <img decoding=\"async\" class=\"pfeil-runter\" width=\"22px\" height=\"22px\" src=\"https:\/\/www.vesterling.com\/wp-content\/themes\/zw-vlg-theme\/img\/pfeil_akkordion.svg\" alt=\"pfeil-runter\">\r\n            <\/div><\/div><div id=\"zw-ba486da6-5dca-48ff-9b4f-a75996356aa1\" class=\"collapse single-akkordion-item mt-0\" data-bs-parent=\"#parent63857\"><p class=\" zw-cgb fulltext\">Nous attachons une grande importance \u00e0 la loyaut\u00e9. En principe, nous n&rsquo;abordons pas les collaborateurs de nos clients pour des postes \u00e0 pourvoir par nos soins. Nous sommes un agent s\u00e9rieux et honn\u00eate pour nos candidats. Contrairement \u00e0 de nombreuses autres agences de recrutement, nous ne transmettons leur dossier de candidature qu&rsquo;avec leur accord explicite. Le respect et l&rsquo;\u00e9galit\u00e9 de traitement font partie de nos principes de comportement.<\/p><\/div><div id=\"zw-bddac190-d2b5-4fc4-be39-eb7989d40cd8-6\" class=\"single-akkordion-item collapsed\" type=\"button\" \r\n              data-bs-toggle=\"collapse\" data-bs-target=\"#zw-bddac190-d2b5-4fc4-be39-eb7989d40cd8\" aria-expanded=\"false\" aria-controls=\"collapsetwo\"><div class=\"faq-headline-container d-flex\"><h3 class=\"zw-cgb subheadline faq\">7. Conclure un contrat de mani\u00e8re efficace<\/h3>\r\n            <img decoding=\"async\" class=\"pfeil-hoch\" width=\"22px\" height=\"22px\" src=\"https:\/\/www.vesterling.com\/wp-content\/themes\/zw-vlg-theme\/img\/pfeil_akkordion.svg\" alt=\"pfeil-hoch\">\r\n            <img decoding=\"async\" class=\"pfeil-runter\" width=\"22px\" height=\"22px\" src=\"https:\/\/www.vesterling.com\/wp-content\/themes\/zw-vlg-theme\/img\/pfeil_akkordion.svg\" alt=\"pfeil-runter\">\r\n            <\/div><\/div><div id=\"zw-bddac190-d2b5-4fc4-be39-eb7989d40cd8\" class=\"collapse single-akkordion-item mt-0\" data-bs-parent=\"#parent63857\"><p class=\" zw-cgb fulltext\">Les services du personnel ne peuvent souvent pas consacrer le temps n\u00e9cessaire \u00e0 la recherche et \u00e0 la s\u00e9lection d&rsquo;un futur collaborateur sans restreindre d&rsquo;autres domaines d&rsquo;activit\u00e9 importants. Nous vous d\u00e9chargeons de cette charge de travail pour des honoraires justes et conformes au march\u00e9. M\u00eame apr\u00e8s une recherche de personnel r\u00e9ussie, nous restons en contact permanent avec toutes les personnes concern\u00e9es et clarifions les questions en suspens &#8211; jusqu&rsquo;\u00e0 ce que tout soit en ordre et que plus rien ne s&rsquo;oppose \u00e0 la conclusion d&rsquo;un contrat.<\/p><\/div><\/div><\/div><\/div><script type=\"application\/ld+json\">{\r\n      \"@context\": \"https:\/\/schema.org\",\r\n      \"@type\": \"FAQPage\",\r\n      \"mainEntity\": [ {\r\n              \"@type\": \"Question\",\r\n              \"name\":\"1. Comp\u00e9tence technologique\",\r\n              \"acceptedAnswer\": {\r\n                \"@type\": \"Answer\",\r\n                \"text\": \"<div><p>Nos conseillers en recrutement sont dipl\u00f4m\u00e9s en technologie et ont acquis une exp\u00e9rience professionnelle pertinente dans le domaine des technologies de l'information et de l'ing\u00e9nierie. Ils disposent de la comp\u00e9tence rare sur le march\u00e9 de pouvoir \u00e9valuer l'aptitude professionnelle d'un candidat pour un poste technologique. Nos recruteurs ont de nombreuses ann\u00e9es d'exp\u00e9rience dans l'\u00e9valuation des qualit\u00e9s personnelles d'un candidat, notamment gr\u00e2ce \u00e0 leur propre travail \u00e0 des postes de direction.<\/p><\/div>\"} } , {\r\n              \"@type\": \"Question\",\r\n              \"name\":\"2. Top r\u00e9seau de candidats\",\r\n              \"acceptedAnswer\": {\r\n                \"@type\": \"Answer\",\r\n                \"text\": \"<div><p>Nous accompagnons les professionnels \u00e0 long terme dans leur carri\u00e8re et disposons donc des meilleurs contacts avec 300.000 candidats qualifi\u00e9s dans le domaine de la technologie. Ceux-ci nous pr\u00e9f\u00e8rent en tant que conseiller en recrutement neutre lorsqu'ils sont en contrat de travail non r\u00e9sili\u00e9. Les informaticiens et les ing\u00e9nieurs attachent une grande importance \u00e0 nos conseils sp\u00e9cialis\u00e9s lors d'un changement de poste. Souvent, ils ne sont int\u00e9ress\u00e9s par un poste que si l'environnement technologique correspond \u00e0 leurs attentes.<\/p><\/div>\"} } , {\r\n              \"@type\": \"Question\",\r\n              \"name\":\"3. Succ\u00e8s de casting \u00e9lev\u00e9\",\r\n              \"acceptedAnswer\": {\r\n                \"@type\": \"Answer\",\r\n                \"text\": \"<div><p>Nous ne faisons que bouillir de l'eau, mais avec une bien plus grande marmite. Comme nous sommes r\u00e9guli\u00e8rement charg\u00e9s de pourvoir des postes similaires, nous pouvons nous appuyer sur un pool de professionnels qualifi\u00e9s qui s'est constitu\u00e9 au fil des ans. Nos clients profitent de cette synergie en termes d'ad\u00e9quation des profils des candidats et de rapidit\u00e9 de pourvoi des postes. Nous avons d\u00e9j\u00e0 recrut\u00e9 des collaborateurs parfaitement adapt\u00e9s aux domaines de l'informatique et de l'ing\u00e9nierie pour 2.500 entreprises.<\/p><\/div>\"} } , {\r\n              \"@type\": \"Question\",\r\n              \"name\":\"4. Qualit\u00e9 et discr\u00e9tion\",\r\n              \"acceptedAnswer\": {\r\n                \"@type\": \"Answer\",\r\n                \"text\": \"<div><p>Vesterling est r\u00e9guli\u00e8rement r\u00e9compens\u00e9 et fait partie des meilleures agences de recrutement dans le domaine de la recherche professionnelle et sp\u00e9cialis\u00e9e. Nos exigences de qualit\u00e9 \u00e9lev\u00e9es sont conformes \u00e0 la norme DIN ISO 9001. Chez nous, votre mission de recherche est entre de bonnes mains : La confidentialit\u00e9 et la protection des donn\u00e9es sont pour nous une \u00e9vidence. Ceci est particuli\u00e8rement important pour vous si vous ne souhaitez pas informer pr\u00e9matur\u00e9ment vos concurrents ou vos propres collaborateurs des changements de personnel \u00e0 venir.<\/p><\/div>\"} } , {\r\n              \"@type\": \"Question\",\r\n              \"name\":\"5. S\u00e9curit\u00e9 de la d\u00e9cision\",\r\n              \"acceptedAnswer\": {\r\n                \"@type\": \"Answer\",\r\n                \"text\": \"<div><p>Notre sp\u00e9cialisation dans le domaine de la technologie nous permet d'identifier avec pr\u00e9cision les besoins professionnels de nos clients. Nous connaissons parfaitement le march\u00e9 de l'emploi du point de vue des offreurs et des demandeurs. D\u00e8s le premier entretien de conseil, nous pouvons s\u00e9curiser nos clients gr\u00e2ce \u00e0 des informations objectives et minimiser ainsi le risque d'une mauvaise d\u00e9cision co\u00fbteuse. De plus en plus, le succ\u00e8s de toute l'entreprise d\u00e9pend du recrutement des bons collaborateurs dans le domaine de la technologie.<\/p><\/div>\"} } , {\r\n              \"@type\": \"Question\",\r\n              \"name\":\"6. Loyaut\u00e9 et respect\",\r\n              \"acceptedAnswer\": {\r\n                \"@type\": \"Answer\",\r\n                \"text\": \"<div><p>Nous attachons une grande importance \u00e0 la loyaut\u00e9. En principe, nous n'abordons pas les collaborateurs de nos clients pour des postes \u00e0 pourvoir par nos soins. Nous sommes un agent s\u00e9rieux et honn\u00eate pour nos candidats. Contrairement \u00e0 de nombreuses autres agences de recrutement, nous ne transmettons leur dossier de candidature qu'avec leur accord explicite. Le respect et l'\u00e9galit\u00e9 de traitement font partie de nos principes de comportement.<\/p><\/div>\"} } , {\r\n              \"@type\": \"Question\",\r\n              \"name\":\"7. Conclure un contrat de mani\u00e8re efficace\",\r\n              \"acceptedAnswer\": {\r\n                \"@type\": \"Answer\",\r\n                \"text\": \"<div><p>Les services du personnel ne peuvent souvent pas consacrer le temps n\u00e9cessaire \u00e0 la recherche et \u00e0 la s\u00e9lection d'un futur collaborateur sans restreindre d'autres domaines d'activit\u00e9 importants. Nous vous d\u00e9chargeons de cette charge de travail pour des honoraires justes et conformes au march\u00e9. M\u00eame apr\u00e8s une recherche de personnel r\u00e9ussie, nous restons en contact permanent avec toutes les personnes concern\u00e9es et clarifions les questions en suspens - jusqu'\u00e0 ce que tout soit en ordre et que plus rien ne s'oppose \u00e0 la conclusion d'un contrat.<\/p><\/div>\"} }] }<\/script>\n\n    <div  class=\"zw-cgb halb-halb-block fullwidth default-margin\">\r\n      <div class=\"row\">\r\n        <div class=\"col-lg-6 col-12 image order-1  px-0\">\r\n          <img decoding=\"async\" loading=\"lazy\" width=\"1024px\" height=\"483px\" alt=\"\" src=\"https:\/\/www.vesterling.com\/wp-content\/uploads\/2021\/08\/vesterling_mann_mit-handy_stehend_im_buero.jpg\" srcset=\"https:\/\/www.vesterling.com\/wp-content\/uploads\/2021\/08\/vesterling_mann_mit-handy_stehend_im_buero.jpg 960w, https:\/\/www.vesterling.com\/wp-content\/uploads\/2021\/08\/vesterling_mann_mit-handy_stehend_im_buero-768x512.jpg 768w, https:\/\/www.vesterling.com\/wp-content\/uploads\/2021\/08\/vesterling_mann_mit-handy_stehend_im_buero-480x320.jpg 480w\" sizes=\"auto, (max-width: 1024px) 100vw, 1024px\">        <\/div>\r\n\r\n        <div class=\"half-content col-lg-6 col-12 order-2\"><h2 class=\" zw-cgb headline\">Contact<\/h2><div class=\"inner-content list-col-1\"><p class=\" zw-cgb fulltext\">Nous nous ferons un plaisir de vous conseiller lors d&rsquo;un entretien confidentiel et sans engagement.<\/p><p class=\" zw-cgb fulltext\">Vous pouvez nous joindre au +49 (89) 411114-0 ou par e-mail:<\/p><div class=\"zw-cgb zw-cgb-button-container\">\r\n                    <a class=\"zw-cgb btn btn-primary\" href=\"mailto:Welcome@Vesterling.com&#038;subject=%20Demander des informations\" target=\"_self\">Welcome@Vesterling.com<\/a><\/div><\/div><div class=\"link-container\"><\/div><\/div>      <\/div>\r\n\r\n    <\/div>\r\n","protected":false},"excerpt":{"rendered":"<div  class=\"zw-cgb textblock default-margin\">\n<div class=\"row\">\n<div class=\"zw-cgb-content mx-auto col-12 col-lg-8 \">\n<h1 class=\"inner-headline\">Votre recruteur pour les postes sp\u00e9cialis\u00e9s dans l&rsquo;informatique et l&rsquo;\u00e9nergie<\/h1>\n<p class=\" zw-cgb fulltext\">Vous avez besoin du soutien d&rsquo;un cabinet de recrutement qui comprend la technologie? Profitez de notre comp\u00e9tence en mati\u00e8re de recrutement technologique. Nos excellents contacts avec 300.000 professionnels et cadres dans le secteur de la technologie se traduisent en permanence par des recrutements r\u00e9ussis pour des postes en informatique et en ing\u00e9nierie. Notre comp\u00e9tence technologique, notre r\u00e9seau de candidats et nos succ\u00e8s de recrutement sont autant de bonnes raisons de faire appel \u00e0 Vesterling, tout comme notre discr\u00e9tion, notre loyaut\u00e9 et nos principes d&rsquo;\u00e9galit\u00e9 de traitement.<\/p>\n<\/p><\/div>\n<\/p><\/div>\n<\/p><\/div>\n","protected":false},"author":9,"featured_media":39480,"parent":0,"menu_order":100,"comment_status":"closed","ping_status":"closed","template":"","meta":{"_relevanssi_hide_post":"","_relevanssi_hide_content":"","_relevanssi_pin_for_all":"","_relevanssi_pin_keywords":"","_relevanssi_unpin_keywords":"","_relevanssi_related_keywords":"","_relevanssi_related_include_ids":"","_relevanssi_related_exclude_ids":"","_relevanssi_related_no_append":"","_relevanssi_related_not_related":"","_relevanssi_related_posts":"","_relevanssi_noindex_reason":"","footnotes":""},"class_list":["post-77233","page","type-page","status-publish","has-post-thumbnail","hentry"],"_links":{"self":[{"href":"https:\/\/www.vesterling.com\/fr\/wp-json\/wp\/v2\/pages\/77233","targetHints":{"allow":["GET"]}}],"collection":[{"href":"https:\/\/www.vesterling.com\/fr\/wp-json\/wp\/v2\/pages"}],"about":[{"href":"https:\/\/www.vesterling.com\/fr\/wp-json\/wp\/v2\/types\/page"}],"author":[{"embeddable":true,"href":"https:\/\/www.vesterling.com\/fr\/wp-json\/wp\/v2\/users\/9"}],"replies":[{"embeddable":true,"href":"https:\/\/www.vesterling.com\/fr\/wp-json\/wp\/v2\/comments?post=77233"}],"version-history":[{"count":8,"href":"https:\/\/www.vesterling.com\/fr\/wp-json\/wp\/v2\/pages\/77233\/revisions"}],"predecessor-version":[{"id":839158,"href":"https:\/\/www.vesterling.com\/fr\/wp-json\/wp\/v2\/pages\/77233\/revisions\/839158"}],"wp:featuredmedia":[{"embeddable":true,"href":"https:\/\/www.vesterling.com\/fr\/wp-json\/wp\/v2\/media\/39480"}],"wp:attachment":[{"href":"https:\/\/www.vesterling.com\/fr\/wp-json\/wp\/v2\/media?parent=77233"}],"curies":[{"name":"wp","href":"https:\/\/api.w.org\/{rel}","templated":true}]}}