{"id":66328,"date":"2021-10-01T09:11:51","date_gmt":"2021-10-01T07:11:51","guid":{"rendered":"https:\/\/www.vesterling.com\/making-a-career\/"},"modified":"2021-12-02T14:45:11","modified_gmt":"2021-12-02T13:45:11","slug":"conseils-d-application","status":"publish","type":"page","link":"https:\/\/www.vesterling.com\/fr\/conseils-d-application\/","title":{"rendered":"Conseils d&rsquo;application"},"content":{"rendered":"\r\n    <div  class=\"zw-cgb textblock default-margin\">\r\n      <div class=\"row\">\r\n        <div class=\"zw-cgb-content mx-auto col-12 col-lg-8 \">\r\n          <h2 class=\"inner-headline\">Conseils d&rsquo;application<\/h2><p class=\" zw-cgb fulltext\">Forts de plus de 25 ans d&rsquo;exp\u00e9rience en mati\u00e8re de recrutement international dans le domaine des technologies et de conseil en ressources humaines, nous savons ce qui est important dans le processus de candidature. Avec nos conseils de candidature, nous aimerions vous soutenir dans votre candidature.<\/p>        <\/div>\r\n      <\/div>\r\n    <\/div>\r\n\r\n\n\n<div  class=\"zw-cgb columnmaster020 default-margin\">\r\n    <div class=\"row\"><div class=\"col-12 col-lg-10 mx-auto px-lg-0\"><\/div><\/div><div class=\"columnmaster-inner-content zwCgbDoSlick\">    <div  class=\"zw-cgb columnblock mx-auto px-0 default-margin\">\r\n      <div class=\"zw-cgb zw-cgb-content col-12 row mx-0\">\r\n\r\n        <div class=\"image-content col-12 col-md-4 col-lg-5\"><img decoding=\"async\" loading=\"lazy\" width=\"290px\" height=\"251px\" alt=\"\" src=\"https:\/\/www.vesterling.com\/wp-content\/uploads\/2021\/08\/vesterling_mann_sitzt_mit_laptop-480x320.jpg\" srcset=\"https:\/\/www.vesterling.com\/wp-content\/uploads\/2021\/08\/vesterling_mann_sitzt_mit_laptop-480x320.jpg 480w, https:\/\/www.vesterling.com\/wp-content\/uploads\/2021\/08\/vesterling_mann_sitzt_mit_laptop-768x512.jpg 768w, https:\/\/www.vesterling.com\/wp-content\/uploads\/2021\/08\/vesterling_mann_sitzt_mit_laptop.jpg 960w\" sizes=\"auto, (max-width: 480px) 100vw, 480px\"><\/div><div class=\"column-content col-12 col-md-8 col-lg-7\"><div class=\"inner-content\"><p class=\" zw-cgb fulltext\"><strong>Demande en ligne<\/strong><\/p><p class=\" zw-cgb fulltext\">Envoyez-nous vos documents de candidature en ligne. Nous les traitons de mani\u00e8re strictement confidentielle.<\/p><div class=\"zw-cgb zw-cgb-button-container \"><a class=\"zw-cgb btn btn-primary \" href=\"https:\/\/www.vesterling.com\/fr\/trouver-un-travail\/appliquer-maintenant\/\" data-type=\"page\">postuler maintenant<\/a><\/div><\/div><\/div>      <\/div>\r\n    <\/div>\r\n    <div  class=\"zw-cgb columnblock mx-auto px-0 default-margin\">\r\n      <div class=\"zw-cgb zw-cgb-content col-12 row mx-0\">\r\n\r\n        <div class=\"image-content col-12 col-md-4 col-lg-5\"><img decoding=\"async\" loading=\"lazy\" width=\"290px\" height=\"251px\" alt=\"\" src=\"https:\/\/www.vesterling.com\/wp-content\/uploads\/2021\/08\/vesterling_4er_gruppe_applaudiert_im_meeting-1-480x320.jpg\" srcset=\"https:\/\/www.vesterling.com\/wp-content\/uploads\/2021\/08\/vesterling_4er_gruppe_applaudiert_im_meeting-1-480x320.jpg 480w, https:\/\/www.vesterling.com\/wp-content\/uploads\/2021\/08\/vesterling_4er_gruppe_applaudiert_im_meeting-1-768x512.jpg 768w, https:\/\/www.vesterling.com\/wp-content\/uploads\/2021\/08\/vesterling_4er_gruppe_applaudiert_im_meeting-1.jpg 960w\" sizes=\"auto, (max-width: 480px) 100vw, 480px\"><\/div><div class=\"column-content col-12 col-md-8 col-lg-7\"><div class=\"inner-content\"><p class=\" zw-cgb fulltext\"><strong>Entretien d&#8217;embauche convaincant<\/strong><\/p><p class=\" zw-cgb fulltext\">Nous vous aidons \u00e0 transmettre habilement votre CV, \u00e0 pr\u00e9senter de mani\u00e8re plausible vos \u00e9ventuelles lacunes et \u00e0 pr\u00e9senter de mani\u00e8re convaincante vos points forts.<\/p><div class=\"zw-cgb zw-cgb-button-container \"><a class=\"zw-cgb btn btn-primary \" href=\"https:\/\/www.vesterling.com\/fr\/trouver-un-travail\/\" data-type=\"page\">en savoir plus<\/a><\/div><\/div><\/div>      <\/div>\r\n    <\/div>\r\n    <div  class=\"zw-cgb columnblock mx-auto px-0 default-margin\">\r\n      <div class=\"zw-cgb zw-cgb-content col-12 row mx-0\">\r\n\r\n        <div class=\"image-content col-12 col-md-4 col-lg-5\"><img decoding=\"async\" loading=\"lazy\" width=\"290px\" height=\"251px\" alt=\"\" src=\"https:\/\/www.vesterling.com\/wp-content\/uploads\/2021\/08\/vesterling_frau_mann_auf_bank-480x320.jpg\" srcset=\"https:\/\/www.vesterling.com\/wp-content\/uploads\/2021\/08\/vesterling_frau_mann_auf_bank-480x320.jpg 480w, https:\/\/www.vesterling.com\/wp-content\/uploads\/2021\/08\/vesterling_frau_mann_auf_bank-768x512.jpg 768w, https:\/\/www.vesterling.com\/wp-content\/uploads\/2021\/08\/vesterling_frau_mann_auf_bank.jpg 960w\" sizes=\"auto, (max-width: 480px) 100vw, 480px\"><\/div><div class=\"column-content col-12 col-md-8 col-lg-7\"><div class=\"inner-content\"><p class=\" zw-cgb fulltext\"><strong>Mod\u00e8les de CV<\/strong><\/p><p class=\" zw-cgb fulltext\">Gr\u00e2ce \u00e0 notre expertise, nous avons cr\u00e9\u00e9 un mod\u00e8le pour votre application technologique en Allemagne, en Autriche ou en Suisse.<\/p><div class=\"zw-cgb zw-cgb-button-container \"><a class=\"zw-cgb btn btn-primary \" href=\"https:\/\/www.vesterling.com\/en\/making-a-career\/perfect-cv\/#sample\">en sacoir plus<\/a><\/div><\/div><\/div>      <\/div>\r\n    <\/div>\r\n    <div  class=\"zw-cgb columnblock mx-auto px-0 default-margin\">\r\n      <div class=\"zw-cgb zw-cgb-content col-12 row mx-0\">\r\n\r\n        <div class=\"image-content col-12 col-md-4 col-lg-5\"><img decoding=\"async\" loading=\"lazy\" width=\"290px\" height=\"251px\" alt=\"\" src=\"https:\/\/www.vesterling.com\/wp-content\/uploads\/2021\/08\/vesterling_mann_mit-handy_stehend_vor_dem_fenster-480x320.jpg\" srcset=\"https:\/\/www.vesterling.com\/wp-content\/uploads\/2021\/08\/vesterling_mann_mit-handy_stehend_vor_dem_fenster-480x320.jpg 480w, https:\/\/www.vesterling.com\/wp-content\/uploads\/2021\/08\/vesterling_mann_mit-handy_stehend_vor_dem_fenster-768x512.jpg 768w, https:\/\/www.vesterling.com\/wp-content\/uploads\/2021\/08\/vesterling_mann_mit-handy_stehend_vor_dem_fenster.jpg 960w\" sizes=\"auto, (max-width: 480px) 100vw, 480px\"><\/div><div class=\"column-content col-12 col-md-8 col-lg-7\"><div class=\"inner-content\"><p class=\" zw-cgb fulltext\"><strong>Entretien d&#8217;embauche par vid\u00e9o et t\u00e9l\u00e9phone<\/strong><\/p><p class=\" zw-cgb fulltext\">Quelles sont les particularit\u00e9s \u00e0 prendre en compte pour cette forme de conversation ? Avec nos conseils suivants, vous \u00eates bien pr\u00e9par\u00e9.<\/p><div class=\"zw-cgb zw-cgb-button-container \"><a class=\"zw-cgb btn btn-primary \" href=\"https:\/\/www.vesterling.com\/en\/making-a-career\/convincing-job-interview\/#phone&amp;video\">en savoir plus<\/a><\/div><\/div><\/div>      <\/div>\r\n    <\/div>\r\n<\/div><\/div>","protected":false},"excerpt":{"rendered":"<div  class=\"zw-cgb textblock default-margin\">\n<div class=\"row\">\n<div class=\"zw-cgb-content mx-auto col-12 col-lg-8 \">\n<h2 class=\"inner-headline\">Conseils d&rsquo;application<\/h2>\n<p class=\" zw-cgb fulltext\">Forts de plus de 25 ans d&rsquo;exp\u00e9rience en mati\u00e8re de recrutement international dans le domaine des technologies et de conseil en ressources humaines, nous savons ce qui est important dans le processus de candidature. Avec nos conseils de candidature, nous aimerions vous soutenir dans votre candidature.<\/p>\n<\/p><\/div>\n<\/p><\/div>\n<\/p><\/div>\n","protected":false},"author":9,"featured_media":39408,"parent":0,"menu_order":20,"comment_status":"closed","ping_status":"closed","template":"","meta":{"_relevanssi_hide_post":"","_relevanssi_hide_content":"","_relevanssi_pin_for_all":"","_relevanssi_pin_keywords":"","_relevanssi_unpin_keywords":"","_relevanssi_related_keywords":"","_relevanssi_related_include_ids":"","_relevanssi_related_exclude_ids":"","_relevanssi_related_no_append":"","_relevanssi_related_not_related":"","_relevanssi_related_posts":"41122","_relevanssi_noindex_reason":"","footnotes":""},"class_list":["post-66328","page","type-page","status-publish","has-post-thumbnail","hentry"],"_links":{"self":[{"href":"https:\/\/www.vesterling.com\/fr\/wp-json\/wp\/v2\/pages\/66328","targetHints":{"allow":["GET"]}}],"collection":[{"href":"https:\/\/www.vesterling.com\/fr\/wp-json\/wp\/v2\/pages"}],"about":[{"href":"https:\/\/www.vesterling.com\/fr\/wp-json\/wp\/v2\/types\/page"}],"author":[{"embeddable":true,"href":"https:\/\/www.vesterling.com\/fr\/wp-json\/wp\/v2\/users\/9"}],"replies":[{"embeddable":true,"href":"https:\/\/www.vesterling.com\/fr\/wp-json\/wp\/v2\/comments?post=66328"}],"version-history":[{"count":5,"href":"https:\/\/www.vesterling.com\/fr\/wp-json\/wp\/v2\/pages\/66328\/revisions"}],"predecessor-version":[{"id":77669,"href":"https:\/\/www.vesterling.com\/fr\/wp-json\/wp\/v2\/pages\/66328\/revisions\/77669"}],"wp:featuredmedia":[{"embeddable":true,"href":"https:\/\/www.vesterling.com\/fr\/wp-json\/wp\/v2\/media\/39408"}],"wp:attachment":[{"href":"https:\/\/www.vesterling.com\/fr\/wp-json\/wp\/v2\/media?parent=66328"}],"curies":[{"name":"wp","href":"https:\/\/api.w.org\/{rel}","templated":true}]}}