{"id":66298,"date":"2021-07-28T12:18:57","date_gmt":"2021-07-28T10:18:57","guid":{"rendered":"https:\/\/www.vesterling.com\/impressum\/"},"modified":"2026-02-10T14:13:48","modified_gmt":"2026-02-10T13:13:48","slug":"imprimer","status":"publish","type":"page","link":"https:\/\/www.vesterling.com\/fr\/imprimer\/","title":{"rendered":"Imprimer"},"content":{"rendered":"\r\n    <div  class=\"zw-cgb textblock default-margin\">\r\n      <div class=\"row\">\r\n        <div class=\"zw-cgb-content mx-auto col-12 col-lg-8 \">\r\n          <h2 class=\"inner-headline\">Imprimer<\/h2><p class=\" zw-cgb fulltext\">Vesterling AG<\/p><p class=\" zw-cgb fulltext\">Elsenheimerstra\u00dfe 49, 80687 M\u00fcnchen<\/p><p class=\" zw-cgb fulltext\">T\u00e9l\u00e9phone: <a href=\"tel:+49894111140\" target=\"_blank\" rel=\"noreferrer noopener\">+49 (89) 411114-0 <br><\/a>E-Mail: <a href=\"mailto:Welcome@Vesterling.com\" target=\"_blank\" rel=\"noreferrer noopener\">Welcome@Vesterling.com<\/a><\/p><p class=\" zw-cgb fulltext\">Registergericht M\u00fcnchen (Cour de registre Munich)<br>HRB 226453 <br>Ust-IdNr.: DE811993349 <br>D-U-N-S: 314755596 <br> <br><strong><strong>Conseil d\u2019administration:<\/strong> <\/strong><br>Martin Vesterling, ing\u00e9nieur en informatique<br>Dr. Eva Vesterling<\/p><p class=\" zw-cgb fulltext\"><strong>Conseil de surveillance:<\/strong><br>G\u00fcnther Steidl (Pr\u00e9sident)<br>Lieutenant-Colonel (retrait\u00e9) Andreas Meyer-Russer<br>Klaus Tronsberg (Gestionnaire Financier Dipl\u00f4m\u00e9)<\/p><p class=\" zw-cgb fulltext\"><strong>Cr\u00e9dit photo:<\/strong><br>Licences d&rsquo;images de Shutterstock.com<br>Graphiques et diagrammes de VESTERLING<\/p><p class=\" zw-cgb fulltext\">Vous pouvez vous adresser au bureau de liaison avec les consommateurs suivant pour r\u00e9gler les litiges:<br> <br><a href=\"http:\/\/www.verbraucher-schlichter.de\/\" target=\"_blank\" rel=\"noreferrer noopener nofollow\">Allgemeine Verbraucherschlichtungsstelle des Zentrums f\u00fcr Schlichtung e. V. <br> <br><\/a>Stra\u00dfburger Str. 8 <br>77694 Kehl <br>T\u00e9l\u00e9phone: +49 7851 79579 40 <br>T\u00e9l\u00e9fax: +49 7851 79579 41 <br>Internet: <a href=\"http:\/\/www.verbraucher-schlichter.de\/\" target=\"_blank\" rel=\"noreferrer noopener nofollow\">www.verbraucher-schlichter.de <br><\/a>E-Mail: <a href=\"mailto:mail@verbraucher-schlichter.de\" target=\"_blank\" rel=\"noreferrer noopener\">mail@verbraucher-schlichter.de <br> <br><\/a>Il s&rsquo;agit d&rsquo;une instance d&rsquo;arbitrage g\u00e9n\u00e9ral selon VSBG, \u00a7 4,2,2<\/p>        <\/div>\r\n      <\/div>\r\n    <\/div>\r\n\r\n\n\n\n<p><\/p>\n","protected":false},"excerpt":{"rendered":"<div  class=\"zw-cgb textblock default-margin\">\n<div class=\"row\">\n<div class=\"zw-cgb-content mx-auto col-12 col-lg-8 \">\n<h2 class=\"inner-headline\">Imprimer<\/h2>\n<p class=\" zw-cgb fulltext\">Vesterling AG<\/p>\n<p class=\" zw-cgb fulltext\">Elsenheimerstra\u00dfe 49, 80687 M\u00fcnchen<\/p>\n<p class=\" zw-cgb fulltext\">T\u00e9l\u00e9phone: <a href=\"tel:+49894111140\" target=\"_blank\" rel=\"noreferrer noopener\">+49 (89) 411114-0 <br \/><\/a>E-Mail: <a href=\"mailto:Welcome@Vesterling.com\" target=\"_blank\" rel=\"noreferrer noopener\">Welcome@Vesterling.com<\/a><\/p>\n<p class=\" zw-cgb fulltext\">Registergericht M\u00fcnchen (Cour de registre Munich)<br \/>HRB 226453 <br \/>Ust-IdNr.: DE811993349 <br \/>D-U-N-S: 314755596 <\/p>\n<p><strong><strong>Conseil d\u2019administration:<\/strong> <\/strong><br \/>Martin Vesterling, ing\u00e9nieur en informatique<br \/>Dr. Eva Vesterling<\/p>\n<p class=\" zw-cgb fulltext\"><strong>Conseil de surveillance:<\/strong><br \/>G\u00fcnther Steidl (Pr\u00e9sident)<br \/>Lieutenant-Colonel (retrait\u00e9) Andreas Meyer-Russer<br \/>Klaus Tronsberg (Gestionnaire Financier Dipl\u00f4m\u00e9)<\/p>\n<p class=\" zw-cgb fulltext\"><strong>Cr\u00e9dit photo:<\/strong><br \/>Licences d&rsquo;images de Shutterstock.com<br \/>Graphiques et diagrammes de VESTERLING<\/p>\n<p class=\" zw-cgb fulltext\">Vous pouvez vous adresser au bureau de liaison avec les consommateurs suivant pour r\u00e9gler les litiges:<\/p>\n<p><a href=\"http:\/\/www.verbraucher-schlichter.de\/\" target=\"_blank\" rel=\"noreferrer noopener\">Allgemeine Verbraucherschlichtungsstelle des Zentrums f\u00fcr Schlichtung e. V. <\/p>\n<p><\/a>Stra\u00dfburger Str. 8 <br \/>77694 Kehl <br \/>T\u00e9l\u00e9phone: +49 7851 79579 40 <br \/>T\u00e9l\u00e9fax: +49 7851 79579 41 <br \/>Internet: <a href=\"http:\/\/www.verbraucher-schlichter.de\/\" target=\"_blank\" rel=\"noreferrer noopener\">www.verbraucher-schlichter.de <br \/><\/a>E-Mail: <a href=\"mailto:mail@verbraucher-schlichter.de\" target=\"_blank\" rel=\"noreferrer noopener\">mail@verbraucher-schlichter.de <\/p>\n<p><\/a>Il s&rsquo;agit d&rsquo;une instance d&rsquo;arbitrage g\u00e9n\u00e9ral selon VSBG, \u00a7 4,2,2<\/p>\n<\/p><\/div>\n<\/p><\/div>\n<\/p><\/div>\n","protected":false},"author":1,"featured_media":39465,"parent":0,"menu_order":910,"comment_status":"closed","ping_status":"closed","template":"","meta":{"_relevanssi_hide_post":"","_relevanssi_hide_content":"","_relevanssi_pin_for_all":"","_relevanssi_pin_keywords":"","_relevanssi_unpin_keywords":"","_relevanssi_related_keywords":"","_relevanssi_related_include_ids":"","_relevanssi_related_exclude_ids":"","_relevanssi_related_no_append":"","_relevanssi_related_not_related":"","_relevanssi_related_posts":"","_relevanssi_noindex_reason":"","footnotes":""},"class_list":["post-66298","page","type-page","status-publish","has-post-thumbnail","hentry"],"_links":{"self":[{"href":"https:\/\/www.vesterling.com\/fr\/wp-json\/wp\/v2\/pages\/66298","targetHints":{"allow":["GET"]}}],"collection":[{"href":"https:\/\/www.vesterling.com\/fr\/wp-json\/wp\/v2\/pages"}],"about":[{"href":"https:\/\/www.vesterling.com\/fr\/wp-json\/wp\/v2\/types\/page"}],"author":[{"embeddable":true,"href":"https:\/\/www.vesterling.com\/fr\/wp-json\/wp\/v2\/users\/1"}],"replies":[{"embeddable":true,"href":"https:\/\/www.vesterling.com\/fr\/wp-json\/wp\/v2\/comments?post=66298"}],"version-history":[{"count":8,"href":"https:\/\/www.vesterling.com\/fr\/wp-json\/wp\/v2\/pages\/66298\/revisions"}],"predecessor-version":[{"id":1870011,"href":"https:\/\/www.vesterling.com\/fr\/wp-json\/wp\/v2\/pages\/66298\/revisions\/1870011"}],"wp:featuredmedia":[{"embeddable":true,"href":"https:\/\/www.vesterling.com\/fr\/wp-json\/wp\/v2\/media\/39465"}],"wp:attachment":[{"href":"https:\/\/www.vesterling.com\/fr\/wp-json\/wp\/v2\/media?parent=66298"}],"curies":[{"name":"wp","href":"https:\/\/api.w.org\/{rel}","templated":true}]}}