{"id":66110,"date":"2021-11-12T10:58:02","date_gmt":"2021-11-12T09:58:02","guid":{"rendered":"https:\/\/www.vesterling.com\/apply-now\/"},"modified":"2023-01-31T13:17:14","modified_gmt":"2023-01-31T12:17:14","slug":"appliquer-maintenant","status":"publish","type":"page","link":"https:\/\/www.vesterling.com\/fr\/trouver-un-travail\/appliquer-maintenant\/","title":{"rendered":"Appliquer maintenant"},"content":{"rendered":"\r\n    <div  class=\"zw-cgb textblock default-margin\">\r\n      <div class=\"row\">\r\n        <div class=\"zw-cgb-content mx-auto col-12 col-lg-8 \">\r\n          <h2 class=\"inner-headline\">Appliquer maintenant<\/h2><p class=\" zw-cgb fulltext\">Ouvrez la porte \u00e0 de nombreux emplois avec une seule candidature ! C&rsquo;est simple et rapide, en 30 secondes seulement : Le CV et les r\u00e9f\u00e9rences peuvent \u00e9galement \u00eatre envoy\u00e9s par e-mail. Vos donn\u00e9es seront bien entendu trait\u00e9es de mani\u00e8re confidentielle.<br>Nous vous r\u00e9pondrons rapidement !<\/p>        <\/div>\r\n      <\/div>\r\n    <\/div>\r\n\r\n\n\n    <div  class=\"zw-cgb jobboxblock filter-jobbox-wrapper  zw-vlg-blue default-margin\">\r\n      <div class=\"row \">\r\n        <div class=\"col-lg-6 col-12 image px-0 d-none d-lg-flex\">\r\n\r\n          <img decoding=\"async\" loading=\"lazy\" width=\"1024px\" height=\"638px\" alt=\"\" src=\"https:\/\/www.vesterling.com\/wp-content\/uploads\/2021\/08\/vesterling_meeting_am_tisch_3_maenner.jpg\" srcset=\"https:\/\/www.vesterling.com\/wp-content\/uploads\/2021\/08\/vesterling_meeting_am_tisch_3_maenner.jpg 960w, https:\/\/www.vesterling.com\/wp-content\/uploads\/2021\/08\/vesterling_meeting_am_tisch_3_maenner-768x512.jpg 768w, https:\/\/www.vesterling.com\/wp-content\/uploads\/2021\/08\/vesterling_meeting_am_tisch_3_maenner-480x320.jpg 480w\" sizes=\"auto, (max-width: 1024px) 100vw, 1024px\">        <\/div>\r\n        <div class=\"half-content col-lg-6 col-12 \"><div class=\"job-box-inner row\"><div id='zw-vlg-jobBox'><\/div><\/div>      <\/div>\r\n    <\/div>\r\n    <\/div>\r\n\n\n<div id='zw-vlg-applicationFormModule'><\/div>\n\n\n\n<p><\/p>\n","protected":false},"excerpt":{"rendered":"<div  class=\"zw-cgb textblock default-margin\">\n<div class=\"row\">\n<div class=\"zw-cgb-content mx-auto col-12 col-lg-8 \">\n<h2 class=\"inner-headline\">Appliquer maintenant<\/h2>\n<p class=\" zw-cgb fulltext\">Ouvrez la porte \u00e0 de nombreux emplois avec une seule candidature ! C&rsquo;est simple et rapide, en 30 secondes seulement : Le CV et les r\u00e9f\u00e9rences peuvent \u00e9galement \u00eatre envoy\u00e9s par e-mail. Vos donn\u00e9es seront bien entendu trait\u00e9es de mani\u00e8re confidentielle.<br \/>Nous vous r\u00e9pondrons rapidement !<\/p>\n<\/p><\/div>\n<\/p><\/div>\n<\/p><\/div>\n","protected":false},"author":5,"featured_media":0,"parent":66156,"menu_order":0,"comment_status":"closed","ping_status":"closed","template":"","meta":{"_relevanssi_hide_post":"","_relevanssi_hide_content":"","_relevanssi_pin_for_all":"","_relevanssi_pin_keywords":"","_relevanssi_unpin_keywords":"","_relevanssi_related_keywords":"","_relevanssi_related_include_ids":"","_relevanssi_related_exclude_ids":"","_relevanssi_related_no_append":"","_relevanssi_related_not_related":"","_relevanssi_related_posts":"","_relevanssi_noindex_reason":"","footnotes":""},"class_list":["post-66110","page","type-page","status-publish","hentry"],"_links":{"self":[{"href":"https:\/\/www.vesterling.com\/fr\/wp-json\/wp\/v2\/pages\/66110","targetHints":{"allow":["GET"]}}],"collection":[{"href":"https:\/\/www.vesterling.com\/fr\/wp-json\/wp\/v2\/pages"}],"about":[{"href":"https:\/\/www.vesterling.com\/fr\/wp-json\/wp\/v2\/types\/page"}],"author":[{"embeddable":true,"href":"https:\/\/www.vesterling.com\/fr\/wp-json\/wp\/v2\/users\/5"}],"replies":[{"embeddable":true,"href":"https:\/\/www.vesterling.com\/fr\/wp-json\/wp\/v2\/comments?post=66110"}],"version-history":[{"count":10,"href":"https:\/\/www.vesterling.com\/fr\/wp-json\/wp\/v2\/pages\/66110\/revisions"}],"predecessor-version":[{"id":1457430,"href":"https:\/\/www.vesterling.com\/fr\/wp-json\/wp\/v2\/pages\/66110\/revisions\/1457430"}],"up":[{"embeddable":true,"href":"https:\/\/www.vesterling.com\/fr\/wp-json\/wp\/v2\/pages\/66156"}],"wp:attachment":[{"href":"https:\/\/www.vesterling.com\/fr\/wp-json\/wp\/v2\/media?parent=66110"}],"curies":[{"name":"wp","href":"https:\/\/api.w.org\/{rel}","templated":true}]}}