{"id":52463,"date":"2021-08-06T09:15:27","date_gmt":"2021-08-06T07:15:27","guid":{"rendered":"https:\/\/www.vesterling.com\/startseite\/"},"modified":"2026-02-25T08:34:47","modified_gmt":"2026-02-25T07:34:47","slug":"accueil","status":"publish","type":"page","link":"https:\/\/www.vesterling.com\/fr\/","title":{"rendered":"conseil en recrutement"},"content":{"rendered":"    <div  class=\"jobbox zw-cgb default-margin\">\r\n      <div class=\"row\">\r\n        <div class=\"zw-cgb-content px-0\">\r\n          <div class=\"search-container-img\">\r\n\r\n            <img decoding=\"async\" class=\"background-img\" loading=\"lazy\" width=\"1450px\" height=\"643px\" alt=\"Personalberatung f\u00fcr Technologie\" src=\"https:\/\/www.vesterling.com\/wp-content\/uploads\/2021\/08\/vesterling_header_keyvisual_startseite-1-e1634132996989.jpg\" srcset=\"https:\/\/www.vesterling.com\/wp-content\/uploads\/2021\/08\/vesterling_header_keyvisual_startseite-1-e1634132996989.jpg 1920w, https:\/\/www.vesterling.com\/wp-content\/uploads\/2021\/08\/vesterling_header_keyvisual_startseite-1-e1634132996989-768x259.jpg 768w, https:\/\/www.vesterling.com\/wp-content\/uploads\/2021\/08\/vesterling_header_keyvisual_startseite-1-e1634132996989-1024x346.jpg 1024w, https:\/\/www.vesterling.com\/wp-content\/uploads\/2021\/08\/vesterling_header_keyvisual_startseite-1-e1634132996989-480x162.jpg 480w, https:\/\/www.vesterling.com\/wp-content\/uploads\/2021\/08\/vesterling_header_keyvisual_startseite-1-e1634132996989-1440x486.jpg 1440w\" sizes=\"auto, (max-width: 1920px) 100vw, 1920px\"><div class=\"jobbox-widget\"><p class=\"inner-headline h2\">Plus de 390 emplois technologiques<\/p><div id='zw-vlg-shortSearch'><\/div><div class=\"border-bottom d-md-none pt-0\"><\/div><\/div><\/div>          <\/div>\r\n        <\/div>\r\n      <\/div>\r\n  \n\n\n<h1 class=\"wp-block-heading\" id=\"leader-du-conseil-en-recrutement-dans-le-domaine-de-la-technologie\">Leader du conseil en recrutement dans le domaine de la technologie<\/h1>\n\n\n\n<p>Vous souhaitez faire \u00e9voluer votre carri\u00e8re ou vous recherchez des sp\u00e9cialistes et des cadres dans le domaine de la technologie? Depuis 1986, Vesterling est l&rsquo;un des principaux cabinets de recrutement dans le domaine des technologies. Ce qui nous distingue, ce sont les qualifications professionnelles de nos recruteurs et notre acc\u00e8s unique \u00e0 plus de 300.000 sp\u00e9cialistes en informatique et en ing\u00e9nierie et \u00e0 2.500 entreprises qui recrutent.<\/p>\n\n\n\n<div class=\"wp-block-buttons is-content-justification-center is-layout-flex wp-container-core-buttons-is-layout-1 wp-block-buttons-is-layout-flex\">\n<div class=\"wp-block-button\"><a class=\"wp-block-button__link wp-element-button\" href=\"https:\/\/www.vesterling.com\/fr\/cest-pourquoi-vesterling\/\">Pourquoi Vesterling<\/a><\/div>\n<\/div>\n\n\n<div id=\"parent5183\" class=\"zw-cgb logosblock060 zw-cgb-colorblock \"><div class=\"multiple-items firmen-style mx-auto default-margin\"  ><div  class=\"single-slide-item\" aria-expanded=\"false\"><div class=\"align-items-center\"><figure class=\"zw-cgb-full-image center d-block col-12 img-fluid has-caption\"><span class=\"tag-wrap\">\r\n                    <span class=\"tag\"><img decoding=\"async\" loading=\"lazy\" src=\"https:\/\/www.vesterling.com\/wp-content\/uploads\/2021\/08\/vesterling_technology_recruting_icon.png\" srcset=\"\" height=\"330\" width=\"390\" alt=\"Vesterling Technology Recruting Icon\" sizes=\"auto, (max-width: 1920px) 100vw, 1920px\">  <\/span>\r\n                    <\/span> <figcaption class=\"zw-cgb-caption col-12\">Technology Recruiting<\/figcaption><\/figure><\/div><\/div><div  class=\"single-slide-item\" aria-expanded=\"false\"><div class=\"align-items-center\"><figure class=\"zw-cgb-full-image center d-block col-12 img-fluid has-caption\"><span class=\"tag-wrap\">\r\n                    <span class=\"tag\"><img decoding=\"async\" loading=\"lazy\" src=\"https:\/\/www.vesterling.com\/wp-content\/uploads\/2021\/08\/vesterling_executive_search_icon.png\" srcset=\"\" height=\"330\" width=\"390\" alt=\"Vesterling Executive Search Icon\" sizes=\"auto, (max-width: 1920px) 100vw, 1920px\">  <\/span>\r\n                    <\/span> <figcaption class=\"zw-cgb-caption col-12\">Executive Search<\/figcaption><\/figure><\/div><\/div><div  class=\"single-slide-item\" aria-expanded=\"false\"><div class=\"align-items-center\"><figure class=\"zw-cgb-full-image center d-block col-12 img-fluid has-caption\"><span class=\"tag-wrap\">\r\n                    <span class=\"tag\"><img decoding=\"async\" loading=\"lazy\" src=\"https:\/\/www.vesterling.com\/wp-content\/uploads\/2021\/08\/vesterling_academy_icon.png\" srcset=\"\" height=\"330\" width=\"390\" alt=\"Vesterling Academy Icon\" sizes=\"auto, (max-width: 1920px) 100vw, 1920px\">  <\/span>\r\n                    <\/span> <figcaption class=\"zw-cgb-caption col-12\">Academy<\/figcaption><\/figure><\/div><\/div><div  class=\"single-slide-item\" aria-expanded=\"false\"><div class=\"align-items-center\"><figure class=\"zw-cgb-full-image center d-block col-12 img-fluid has-caption\"><span class=\"tag-wrap\">\r\n                    <span class=\"tag\"><img decoding=\"async\" loading=\"lazy\" src=\"https:\/\/www.vesterling.com\/wp-content\/uploads\/2021\/08\/vesterling_career_icon.png\" srcset=\"\" height=\"330\" width=\"390\" alt=\"Vesterling Career Icon\" sizes=\"auto, (max-width: 1920px) 100vw, 1920px\">  <\/span>\r\n                    <\/span> <figcaption class=\"zw-cgb-caption col-12\">Career Services<\/figcaption><\/figure><\/div><\/div><div  class=\"single-slide-item\" aria-expanded=\"false\"><div class=\"align-items-center\"><figure class=\"zw-cgb-full-image center d-block col-12 img-fluid has-caption\"><span class=\"tag-wrap\">\r\n                    <span class=\"tag\"><img decoding=\"async\" loading=\"lazy\" src=\"https:\/\/www.vesterling.com\/wp-content\/uploads\/2021\/08\/vesterling_outplacement_icon.png\" srcset=\"\" height=\"330\" width=\"390\" alt=\"Vesterling Outplacement Icon\" sizes=\"auto, (max-width: 1920px) 100vw, 1920px\">  <\/span>\r\n                    <\/span> <figcaption class=\"zw-cgb-caption col-12\">Outplacement<\/figcaption><\/figure><\/div><\/div><\/div><\/div>\n\n    <div  class=\"zw-cgb halb-halb-block fullwidth default-margin\">\r\n      <div class=\"row\">\r\n        <div class=\"col-lg-6 col-12 image order-1  px-0\">\r\n          <img decoding=\"async\" loading=\"lazy\" width=\"1024px\" height=\"483px\" alt=\"\" src=\"https:\/\/www.vesterling.com\/wp-content\/uploads\/2026\/02\/Vorstand-EMV-1024x1497.jpg\" srcset=\"https:\/\/www.vesterling.com\/wp-content\/uploads\/2026\/02\/Vorstand-EMV-1024x1497.jpg 1024w, https:\/\/www.vesterling.com\/wp-content\/uploads\/2026\/02\/Vorstand-EMV-768x1123.jpg 768w, https:\/\/www.vesterling.com\/wp-content\/uploads\/2026\/02\/Vorstand-EMV-480x702.jpg 480w, https:\/\/www.vesterling.com\/wp-content\/uploads\/2026\/02\/Vorstand-EMV-1440x2105.jpg 1440w, https:\/\/www.vesterling.com\/wp-content\/uploads\/2026\/02\/Vorstand-EMV-1920x2807.jpg 1920w, https:\/\/www.vesterling.com\/wp-content\/uploads\/2026\/02\/Vorstand-EMV-scaled.jpg 1751w\" sizes=\"auto, (max-width: 1024px) 100vw, 1024px\">              <div class=\"overlay leiterbahn\"><\/div>\r\n                      <\/div>\r\n\r\n        <div class=\"half-content col-lg-6 col-12 order-2\"><h2 class=\" zw-cgb headline\">Excellent service de placement de personnel<\/h2><div class=\"inner-content list-col-1\"><p class=\" zw-cgb fulltext\">Avec nous, vous \u00eates entre de bonnes mains ! Vesterling re\u00e7oit r\u00e9guli\u00e8rement des distinctions. Nous avons ainsi \u00e9t\u00e9 r\u00e9compens\u00e9s par l&rsquo;institut SZ qui nous a d\u00e9cern\u00e9 le titre de \u00ab Meilleur cabinet de conseil en recrutement \u00bb. Vesterling a \u00e9galement obtenu la meilleure note parmi tous les cabinets de conseil en recrutement dans la cat\u00e9gorie \u00ab Comp\u00e9tence \u00bb.<\/p><p class=\" zw-cgb fulltext\">Et selon le Handelsblatt, nous faisons partie des 40 meilleurs cabinets de recrutement en Allemagne. Le magazine d&rsquo;information FOCUS et l&rsquo;institut Statista classent Vesterling parmi les meilleurs prestataires de services de recrutement. Nous continuons \u00e0 travailler sans rel\u00e2che pour maintenir ce niveau d&rsquo;excellence. Kununu nous a \u00e0 plusieurs reprises d\u00e9cern\u00e9 les distinctions \u00ab Top Company \u00bb et \u00ab Open Company \u00bb. Lisez les t\u00e9moignages \u00e0 notre sujet et jugez par vous-m\u00eame !<\/p><ul class=\"zw-cgb-ul\"><li class=\"\">Meilleur recruteur 2026<\/li><li class=\"\">SZ Institut Meilleurs conseillers en RH 2025 : n\u00b0 1 dans la cat\u00e9gorie Comp\u00e9tence<\/li><li class=\"\">Handelsblatt TOP 40 des cabinets de conseil en RH<\/li><li class=\"\">Focus Top des prestataires de services de RH<\/li><li class=\"\">Focus Top des conseillers en informatique<\/li><li class=\"\">Focus Top des conseillers en recherche professionnelle<\/li><li class=\"\">Focus Meilleurs employeurs PME<\/li><li class=\"\">Kununu Top Company &amp; Open Company<\/li><li class=\"\">Certificat AVPQ : preuve officielle de fiabilit\u00e9, de comp\u00e9tence, de performance et de respect de la loi<\/li><\/ul><\/div><div class=\"link-container\"><\/div><\/div>      <\/div>\r\n\r\n    <\/div>\r\n\n\n    <div  class=\"zw-cgb vesterlingblock default-margin\">\r\n      <div class=\"row zw-vlg-blue\">\r\n        <div class=\"zw-cgb-content col-12 col-lg-8 mx-auto\">\r\n\r\n          <h2 class=\" zw-cgb headline\">Des centaines d&#8217;emplois \u00e0 pourvoir en informatique et en ing\u00e9nierie<\/h2><h3 class=\"inner-headline\">Actualis\u00e9 toutes les heures<\/h3><p class=\" zw-cgb fulltext\">Notre march\u00e9 de l&#8217;emploi est l&rsquo;un des plus complets pour les postes dans l&rsquo;informatique et l&rsquo;ing\u00e9nierie dans les pays germanophones. Les offres d&#8217;emploi sont actualis\u00e9es pour vous toutes les heures. Utilisez les nombreuses possibilit\u00e9s de filtrage pour trouver rapidement et pr\u00e9cis\u00e9ment le poste qui vous convient. Avec une seule candidature, vous vous ouvrez de nouvelles perspectives d&rsquo;avenir avec Vesterling! Nous vous informerons volontiers \u00e0 l&rsquo;avenir sur les offres d&#8217;emploi appropri\u00e9es!<\/p><h3 class=\"inner-headline\">Nous disposons d&rsquo;une expertise de placement particuli\u00e8rement \u00e9lev\u00e9e dans les domaines suivants<\/h3><p class=\" zw-cgb fulltext\">Direction informatique | IA | Num\u00e9risation | CIO | CDO | Gestion des services informatiques | Business Intelligence | SCRUM Master | Syst\u00e8mes embarqu\u00e9s | DevOps | Java | Administration informatique | C# | SAP | D\u00e9veloppement de logiciels | SCRUM Product Owner | Gestion de la qualit\u00e9 des logiciels | Gouvernance informatique | Syst\u00e8mes ERP | Ventes informatiques | Ing\u00e9nierie des donn\u00e9es | S\u00e9curit\u00e9 informatique<\/p><h2 class=\"inner-headline\">Trouver l&#8217;emploi de ses r\u00eaves maintenant !<\/h2><div class=\"zw-cgb zw-cgb-button-container \"><a class=\"zw-cgb btn btn-primary \" href=\"https:\/\/www.vesterling.com\/fr\/trouver-un-travail\/marche-de-l-emploi-en-technologie\/\" data-type=\"page\">Nos meilleurs emplois<\/a><\/div>        <\/div>\r\n      <\/div>\r\n    <\/div>\r\n\n\n\r\n    <div   class=\"zw-cgb heroblock default-color default-margin\">\r\n      <div class=\"row\">\r\n\r\n        <div class=\"zw-cgb-content px-0 zw-vlg-pos-left-center zw-vlg-bg-pos-right-center\">\r\n\r\n\r\n\r\n          <div class=\"bg-image\"><img decoding=\"async\" class=\"\" loading=\"lazy\" width=\"1920px\" height=\"852px\" alt=\"Personalvermittlung f\u00fcr Technologie\" src=\"https:\/\/www.vesterling.com\/wp-content\/uploads\/2021\/08\/vesterling_vollbild_gruppe_unterhaelt_sich_im_flur.jpg\" srcset=\"https:\/\/www.vesterling.com\/wp-content\/uploads\/2021\/08\/vesterling_vollbild_gruppe_unterhaelt_sich_im_flur.jpg 1920w, https:\/\/www.vesterling.com\/wp-content\/uploads\/2021\/08\/vesterling_vollbild_gruppe_unterhaelt_sich_im_flur-768x341.jpg 768w, https:\/\/www.vesterling.com\/wp-content\/uploads\/2021\/08\/vesterling_vollbild_gruppe_unterhaelt_sich_im_flur-1024x454.jpg 1024w, https:\/\/www.vesterling.com\/wp-content\/uploads\/2021\/08\/vesterling_vollbild_gruppe_unterhaelt_sich_im_flur-480x213.jpg 480w, https:\/\/www.vesterling.com\/wp-content\/uploads\/2021\/08\/vesterling_vollbild_gruppe_unterhaelt_sich_im_flur-1440x639.jpg 1440w\" sizes=\"auto, (max-width: 1920px) 100vw, 1920px\"><\/div><div class=\"hero-content col-lg-6 col-12\"><h2 class=\" zw-cgb headline\">Leader du conseil en recrutement pour la technologie<\/h2><div class=\"inner-content\"><p class=\" zw-cgb fulltext\">Dans les domaines de l&rsquo;informatique et de l&rsquo;ing\u00e9nierie, les entreprises cherchent d\u00e9sesp\u00e9r\u00e9ment des sp\u00e9cialistes et des cadres, mais ne les trouvent pas. Les candidats peuvent choisir leur poste parmi de nombreuses offres. Il faut donc aujourd&rsquo;hui les chercher de mani\u00e8re cibl\u00e9e, les aborder et les convaincre. En tant que cabinet de recrutement, nous nous en chargeons volontiers pour vous. Profitez \u00e9galement de notre vaste r\u00e9seau de candidats informaticiens et ing\u00e9nieurs, que nous avons constitu\u00e9 en plus de 25 ans. Profitez de notre longue exp\u00e9rience en mati\u00e8re de recrutement technologique!<\/p><\/div><div class=\"link-container\"><\/div><\/div>        <\/div>\r\n      <\/div>\r\n    <\/div>\r\n\r\n\n\n\r\n    <div   class=\"zw-cgb heroblock default-color no-margin\">\r\n      <div class=\"row\">\r\n\r\n        <div class=\"zw-cgb-content px-0 zw-vlg-pos-right-center zw-vlg-bg-pos-left-center\">\r\n\r\n\r\n\r\n          <div class=\"bg-image\"><img decoding=\"async\" class=\"\" loading=\"lazy\" width=\"1920px\" height=\"852px\" alt=\"Technology Executive Search\" src=\"https:\/\/www.vesterling.com\/wp-content\/uploads\/2021\/08\/technology_executive_search-min.jpg\" srcset=\"https:\/\/www.vesterling.com\/wp-content\/uploads\/2021\/08\/technology_executive_search-min.jpg 1920w, https:\/\/www.vesterling.com\/wp-content\/uploads\/2021\/08\/technology_executive_search-min-768x341.jpg 768w, https:\/\/www.vesterling.com\/wp-content\/uploads\/2021\/08\/technology_executive_search-min-1024x454.jpg 1024w, https:\/\/www.vesterling.com\/wp-content\/uploads\/2021\/08\/technology_executive_search-min-480x213.jpg 480w, https:\/\/www.vesterling.com\/wp-content\/uploads\/2021\/08\/technology_executive_search-min-1440x639.jpg 1440w\" sizes=\"auto, (max-width: 1920px) 100vw, 1920px\">              <div class=\"overlay code\"><\/div>\r\n\r\n\r\n          <\/div><div class=\"hero-content col-lg-6 col-12\"><h2 class=\" zw-cgb headline\">Technology Executive Search<\/h2><div class=\"inner-content\"><p class=\" zw-cgb fulltext\">Vous recherchez un directeur informatique, un CIO ou un directeur g\u00e9n\u00e9ral \u00e0 orientation technique ? Nous le connaissons d\u00e9j\u00e0. Nos conseillers en recrutement ont fait des \u00e9tudes technologiques et parlent le langage de l&rsquo;informatique et de l&rsquo;ing\u00e9nierie au niveau du management. Notre succ\u00e8s nous donne raison: le taux de satisfaction des clients concernant nos nouveaux recrutements est de 96% dans le domaine de l&rsquo;executive search.<\/p><\/div><div class=\"link-container\"><\/div><\/div>        <\/div>\r\n      <\/div>\r\n    <\/div>\r\n\r\n\n\n    <div  class=\"zw-cgb vesterlingblock no-margin\">\r\n      <div class=\"row zw-vlg-white\">\r\n        <div class=\"zw-cgb-content col-12 col-lg-8 mx-auto\">\r\n\r\n          <h2 class=\" zw-cgb headline\">Le bon choix pour votre recherche de personnel<\/h2><p class=\" zw-cgb fulltext\">Depuis plus de 25 ans, Vesterling est l&rsquo;une des principales soci\u00e9t\u00e9s de recrutement dans le domaine de la technologie. Les points forts de son activit\u00e9 sont le recrutement d&rsquo;experts jusqu&rsquo;\u00e0 l&rsquo;Executive Search au niveau du conseil d&rsquo;administration, l&rsquo;organisation de formations ouvertes et sur mesure pour les entreprises, les Career Services ainsi que l&rsquo;Outplacement.<\/p><p class=\" zw-cgb fulltext\">Nous comptons parmi nos clients plus de 2.500 entreprises de tous les secteurs, des petites et moyennes entreprises aux multinationales. Notre ambition est de satisfaire nos clients \u00e0 long terme et de d\u00e9velopper un partenariat fructueux.<\/p>        <\/div>\r\n      <\/div>\r\n    <\/div>\r\n","protected":false},"excerpt":{"rendered":"<p>Leader du conseil en recrutement dans le domaine de la technologie Vous souhaitez faire \u00e9voluer votre carri\u00e8re ou vous recherchez des sp\u00e9cialistes et des cadres dans le domaine de la technologie? Depuis 1986, Vesterling est l&rsquo;un des principaux cabinets de recrutement dans le domaine des technologies. Ce qui nous distingue, ce sont les qualifications professionnelles [&hellip;]<\/p>\n","protected":false},"author":1,"featured_media":54312,"parent":0,"menu_order":0,"comment_status":"closed","ping_status":"closed","template":"","meta":{"_relevanssi_hide_post":"","_relevanssi_hide_content":"","_relevanssi_pin_for_all":"","_relevanssi_pin_keywords":"","_relevanssi_unpin_keywords":"","_relevanssi_related_keywords":"","_relevanssi_related_include_ids":"","_relevanssi_related_exclude_ids":"","_relevanssi_related_no_append":"","_relevanssi_related_not_related":"","_relevanssi_related_posts":"1","_relevanssi_noindex_reason":"","footnotes":""},"class_list":["post-52463","page","type-page","status-publish","has-post-thumbnail","hentry"],"_links":{"self":[{"href":"https:\/\/www.vesterling.com\/fr\/wp-json\/wp\/v2\/pages\/52463","targetHints":{"allow":["GET"]}}],"collection":[{"href":"https:\/\/www.vesterling.com\/fr\/wp-json\/wp\/v2\/pages"}],"about":[{"href":"https:\/\/www.vesterling.com\/fr\/wp-json\/wp\/v2\/types\/page"}],"author":[{"embeddable":true,"href":"https:\/\/www.vesterling.com\/fr\/wp-json\/wp\/v2\/users\/1"}],"replies":[{"embeddable":true,"href":"https:\/\/www.vesterling.com\/fr\/wp-json\/wp\/v2\/comments?post=52463"}],"version-history":[{"count":23,"href":"https:\/\/www.vesterling.com\/fr\/wp-json\/wp\/v2\/pages\/52463\/revisions"}],"predecessor-version":[{"id":1870293,"href":"https:\/\/www.vesterling.com\/fr\/wp-json\/wp\/v2\/pages\/52463\/revisions\/1870293"}],"wp:featuredmedia":[{"embeddable":true,"href":"https:\/\/www.vesterling.com\/fr\/wp-json\/wp\/v2\/media\/54312"}],"wp:attachment":[{"href":"https:\/\/www.vesterling.com\/fr\/wp-json\/wp\/v2\/media?parent=52463"}],"curies":[{"name":"wp","href":"https:\/\/api.w.org\/{rel}","templated":true}]}}