{"id":43850,"date":"2021-09-21T14:38:20","date_gmt":"2021-09-21T12:38:20","guid":{"rendered":"https:\/\/www.vesterling.com\/?page_id=43850"},"modified":"2026-02-25T08:34:27","modified_gmt":"2026-02-25T07:34:27","slug":"cest-pourquoi-vesterling","status":"publish","type":"page","link":"https:\/\/www.vesterling.com\/fr\/cest-pourquoi-vesterling\/","title":{"rendered":"C&rsquo;est pourquoi Vesterling"},"content":{"rendered":"\r\n    <div  class=\"zw-cgb textblock default-margin\">\r\n      <div class=\"row\">\r\n        <div class=\"zw-cgb-content mx-auto col-12 col-lg-8 \">\r\n          <h2 class=\"inner-headline\">C&rsquo;est pourquoi Vesterling<\/h2>        <\/div>\r\n      <\/div>\r\n    <\/div>\r\n\r\n\n\n\r\n    <div   class=\"zw-cgb heroblock default-color default-margin\">\r\n      <div class=\"row\">\r\n\r\n        <div class=\"zw-cgb-content px-0 zw-vlg-pos-left-center zw-vlg-bg-pos-right-center\">\r\n\r\n\r\n\r\n          <div class=\"bg-image\"><img decoding=\"async\" class=\"\" loading=\"lazy\" width=\"1920px\" height=\"852px\" alt=\"Personalvermittlung f\u00fcr Technologie\" src=\"https:\/\/www.vesterling.com\/wp-content\/uploads\/2021\/08\/vesterling_vollbild_gruppe_unterhaelt_sich_am_tisch.jpg\" srcset=\"https:\/\/www.vesterling.com\/wp-content\/uploads\/2021\/08\/vesterling_vollbild_gruppe_unterhaelt_sich_am_tisch.jpg 1920w, https:\/\/www.vesterling.com\/wp-content\/uploads\/2021\/08\/vesterling_vollbild_gruppe_unterhaelt_sich_am_tisch-768x341.jpg 768w, https:\/\/www.vesterling.com\/wp-content\/uploads\/2021\/08\/vesterling_vollbild_gruppe_unterhaelt_sich_am_tisch-1024x454.jpg 1024w, https:\/\/www.vesterling.com\/wp-content\/uploads\/2021\/08\/vesterling_vollbild_gruppe_unterhaelt_sich_am_tisch-480x213.jpg 480w, https:\/\/www.vesterling.com\/wp-content\/uploads\/2021\/08\/vesterling_vollbild_gruppe_unterhaelt_sich_am_tisch-1440x639.jpg 1440w\" sizes=\"auto, (max-width: 1920px) 100vw, 1920px\"><\/div><div class=\"hero-content col-lg-6 col-12\"><h1 class=\" zw-cgb headline\">Un succ\u00e8s depuis 1986<\/h1><div class=\"inner-content\"><p class=\" zw-cgb fulltext\">Depuis 1986, Vesterling est l&rsquo;un des principaux prestataires de services de personnel dans le domaine de la technologie. Nous entretenons un r\u00e9seau intensif avec de nombreuses personnes influentes \u00e0 tous les niveaux et sommes en contact r\u00e9gulier avec 2 500 entreprises qui recrutent et 300 000 professionnels et cadres des secteurs technologiques. Pour nos clients, nous pourvoyons en permanence des postes allant du d\u00e9veloppeur de logiciels au responsable informatique, de l&rsquo;ing\u00e9nieur commercial au responsable du d\u00e9veloppement.<\/p><p class=\" zw-cgb fulltext\">Nos candidats r\u00e9alisent leurs objectifs de carri\u00e8re avec notre soutien. Nous trouvons les meilleurs sp\u00e9cialistes et cadres pour nos clients afin qu&rsquo;ils puissent atteindre leurs objectifs d&rsquo;entreprise.<\/p><p class=\" zw-cgb fulltext\"><strong>Vos avantages:<\/strong><\/p><ul class=\"zw-cgb-ul\"><li class=\"\">notre r\u00e9seau de 2 500 entreprises qui embauchent<\/li><li class=\"\">nos excellents contacts avec 300 000 candidats en technologie&nbsp;<\/li><li class=\"\">le top 500 des candidats TI de Vesterling, mis \u00e0 jour quotidiennement<\/li><li class=\"\">l&rsquo;expertise technologique de nos consultants<\/li><li class=\"\">une \u00e9valuation qualifi\u00e9e de l&rsquo;aptitude professionnelle et personnelle des candidats&nbsp;<\/li><li class=\"\">Notre qualit\u00e9 selon la norme DIN ISO 9001&nbsp;<\/li><li class=\"\">des honoraires \u00e9quitables, conformes aux normes du march\u00e9, en fonction du succ\u00e8s du placement&nbsp;<\/li><li class=\"\">Recrutement prioritaire pour les postes exigeants&nbsp;<\/li><\/ul><p class=\" zw-cgb fulltext\"><strong>Prenez le temps de nous conna\u00eetre!<\/strong>&nbsp;<\/p><\/div><div class=\"link-container\"><\/div><\/div>        <\/div>\r\n      <\/div>\r\n    <\/div>\r\n\r\n\n\n    <div  class=\"zw-cgb halb-halb-block fullwidth default-margin\">\r\n      <div class=\"row\">\r\n        <div class=\"col-lg-6 col-12 image order-1  px-0\">\r\n          <img decoding=\"async\" loading=\"lazy\" width=\"1024px\" height=\"483px\" alt=\"\" src=\"https:\/\/www.vesterling.com\/wp-content\/uploads\/2026\/02\/Vorstand-EMV-1024x1497.jpg\" srcset=\"https:\/\/www.vesterling.com\/wp-content\/uploads\/2026\/02\/Vorstand-EMV-1024x1497.jpg 1024w, https:\/\/www.vesterling.com\/wp-content\/uploads\/2026\/02\/Vorstand-EMV-768x1123.jpg 768w, https:\/\/www.vesterling.com\/wp-content\/uploads\/2026\/02\/Vorstand-EMV-480x702.jpg 480w, https:\/\/www.vesterling.com\/wp-content\/uploads\/2026\/02\/Vorstand-EMV-1440x2105.jpg 1440w, https:\/\/www.vesterling.com\/wp-content\/uploads\/2026\/02\/Vorstand-EMV-1920x2807.jpg 1920w, https:\/\/www.vesterling.com\/wp-content\/uploads\/2026\/02\/Vorstand-EMV-scaled.jpg 1751w\" sizes=\"auto, (max-width: 1024px) 100vw, 1024px\">              <div class=\"overlay code\"><\/div>\r\n                      <\/div>\r\n\r\n        <div class=\"half-content col-lg-6 col-12 order-2\"><h2 class=\" zw-cgb headline\">Excellente agence de recrutement<\/h2><div class=\"inner-content list-col-1\"><p class=\" zw-cgb fulltext\">Avec nous, vous \u00eates entre de bonnes mains ! Vesterling re\u00e7oit r\u00e9guli\u00e8rement des distinctions. Nous avons ainsi \u00e9t\u00e9 r\u00e9compens\u00e9s par l&rsquo;institut SZ qui nous a d\u00e9cern\u00e9 le titre de \u00ab Meilleur cabinet de conseil en recrutement \u00bb. Vesterling a \u00e9galement obtenu la meilleure note parmi tous les cabinets de conseil en recrutement dans la cat\u00e9gorie \u00ab Comp\u00e9tence \u00bb.<\/p><p class=\" zw-cgb fulltext\">Et selon le Handelsblatt, nous faisons partie des 40 meilleurs cabinets de recrutement en Allemagne. Le magazine d&rsquo;information FOCUS et l&rsquo;institut Statista classent Vesterling parmi les meilleurs prestataires de services de recrutement. Nous continuons \u00e0 travailler sans rel\u00e2che pour maintenir ce niveau d&rsquo;excellence. Kununu nous a \u00e0 plusieurs reprises d\u00e9cern\u00e9 les distinctions \u00ab Top Company \u00bb et \u00ab Open Company \u00bb. Lisez les t\u00e9moignages \u00e0 notre sujet et jugez par vous-m\u00eame !<\/p><ul class=\"zw-cgb-ul\"><li class=\"\">Meilleur recruteur 2026<\/li><li class=\"\">SZ Institut Meilleurs conseillers en RH 2025 : n\u00b0 1 dans la cat\u00e9gorie Comp\u00e9tence<\/li><li class=\"\">Handelsblatt TOP 40 des cabinets de conseil en RH<\/li><li class=\"\">Focus Top des prestataires de services de RH<\/li><li class=\"\">Focus Top des conseillers en informatique<\/li><li class=\"\">Focus Top des conseillers en recherche professionnelle<\/li><li class=\"\">Focus Meilleurs employeurs PME<\/li><li class=\"\">Kununu Top Company &amp; Open Company<\/li><li class=\"\">Certificat AVPQ : preuve officielle de fiabilit\u00e9, de comp\u00e9tence, de performance et de respect de la loi<\/li><\/ul><\/div><div class=\"link-container\"><\/div><\/div>      <\/div>\r\n\r\n    <\/div>\r\n","protected":false},"excerpt":{"rendered":"<div  class=\"zw-cgb textblock default-margin\">\n<div class=\"row\">\n<div class=\"zw-cgb-content mx-auto col-12 col-lg-8 \">\n<h2 class=\"inner-headline\">C&rsquo;est pourquoi Vesterling<\/h2>\n<\/p><\/div>\n<\/p><\/div>\n<\/p><\/div>\n","protected":false},"author":9,"featured_media":39465,"parent":0,"menu_order":10,"comment_status":"closed","ping_status":"closed","template":"","meta":{"_relevanssi_hide_post":"","_relevanssi_hide_content":"","_relevanssi_pin_for_all":"","_relevanssi_pin_keywords":"","_relevanssi_unpin_keywords":"","_relevanssi_related_keywords":"","_relevanssi_related_include_ids":"","_relevanssi_related_exclude_ids":"","_relevanssi_related_no_append":"","_relevanssi_related_not_related":"","_relevanssi_related_posts":"","_relevanssi_noindex_reason":"","footnotes":""},"class_list":["post-43850","page","type-page","status-publish","has-post-thumbnail","hentry"],"_links":{"self":[{"href":"https:\/\/www.vesterling.com\/fr\/wp-json\/wp\/v2\/pages\/43850","targetHints":{"allow":["GET"]}}],"collection":[{"href":"https:\/\/www.vesterling.com\/fr\/wp-json\/wp\/v2\/pages"}],"about":[{"href":"https:\/\/www.vesterling.com\/fr\/wp-json\/wp\/v2\/types\/page"}],"author":[{"embeddable":true,"href":"https:\/\/www.vesterling.com\/fr\/wp-json\/wp\/v2\/users\/9"}],"replies":[{"embeddable":true,"href":"https:\/\/www.vesterling.com\/fr\/wp-json\/wp\/v2\/comments?post=43850"}],"version-history":[{"count":12,"href":"https:\/\/www.vesterling.com\/fr\/wp-json\/wp\/v2\/pages\/43850\/revisions"}],"predecessor-version":[{"id":1870292,"href":"https:\/\/www.vesterling.com\/fr\/wp-json\/wp\/v2\/pages\/43850\/revisions\/1870292"}],"wp:featuredmedia":[{"embeddable":true,"href":"https:\/\/www.vesterling.com\/fr\/wp-json\/wp\/v2\/media\/39465"}],"wp:attachment":[{"href":"https:\/\/www.vesterling.com\/fr\/wp-json\/wp\/v2\/media?parent=43850"}],"curies":[{"name":"wp","href":"https:\/\/api.w.org\/{rel}","templated":true}]}}