{"id":43830,"date":"2021-09-21T13:58:46","date_gmt":"2021-09-21T11:58:46","guid":{"rendered":"https:\/\/www.vesterling.com\/?page_id=43830"},"modified":"2026-01-28T12:38:24","modified_gmt":"2026-01-28T11:38:24","slug":"qui-sommes-nous","status":"publish","type":"page","link":"https:\/\/www.vesterling.com\/fr\/cest-pourquoi-vesterling\/qui-sommes-nous\/","title":{"rendered":"Qui sommes-nous"},"content":{"rendered":"\r\n    <div  class=\"zw-cgb textblock default-margin\">\r\n      <div class=\"row\">\r\n        <div class=\"zw-cgb-content mx-auto col-12 col-lg-8 \">\r\n          <h2 class=\"inner-headline\">Vesterling: le leader dans le domaine de la technologie <\/h2><p class=\" zw-cgb fulltext\">Depuis 1986, Vesterling est l&rsquo;un des leaders du recrutement dans le domaine de la technologie. Nous entretenons un r\u00e9seau intensif avec de nombreux faiseurs et d\u00e9cideurs \u00e0 tous les niveaux. Pour nos clients, nous occupons en permanence des postes allant de d\u00e9veloppeur de logiciels \u00e0 directeur informatique, d&rsquo;ing\u00e9nieur commercial \u00e0 directeur du d\u00e9veloppement. Nous trouvons les meilleurs sp\u00e9cialistes et cadres afin qu&rsquo;ils puissent r\u00e9aliser leurs objectifs d&rsquo;entreprise. Nos candidats atteignent leurs objectifs de carri\u00e8re avec notre soutien.<\/p><p class=\" zw-cgb fulltext\">Ce qui nous distingue de nos concurrents, c&rsquo;est la qualification professionnelle sp\u00e9cifique de nos conseillers en recrutement, notre acc\u00e8s professionnel unique aux sp\u00e9cialistes du march\u00e9 ainsi que, dans le domaine du recrutement, la facturation sur la base des r\u00e9sultats.<\/p>        <\/div>\r\n      <\/div>\r\n    <\/div>\r\n\r\n\n\n    <div  class=\"zw-cgb halb-halb-block fullwidth default-margin\">\r\n      <div class=\"row\">\r\n        <div class=\"col-lg-6 col-12 image order-1  px-0\">\r\n          <img decoding=\"async\" loading=\"lazy\" width=\"1024px\" height=\"483px\" alt=\"\" src=\"https:\/\/www.vesterling.com\/wp-content\/uploads\/2023\/06\/ME_Vesterling_9684-1024x683.jpg\" srcset=\"https:\/\/www.vesterling.com\/wp-content\/uploads\/2023\/06\/ME_Vesterling_9684-1024x683.jpg 1024w, https:\/\/www.vesterling.com\/wp-content\/uploads\/2023\/06\/ME_Vesterling_9684-768x512.jpg 768w, https:\/\/www.vesterling.com\/wp-content\/uploads\/2023\/06\/ME_Vesterling_9684-480x320.jpg 480w, https:\/\/www.vesterling.com\/wp-content\/uploads\/2023\/06\/ME_Vesterling_9684-1440x960.jpg 1440w, https:\/\/www.vesterling.com\/wp-content\/uploads\/2023\/06\/ME_Vesterling_9684-1920x1280.jpg 1920w\" sizes=\"auto, (max-width: 1024px) 100vw, 1024px\">        <\/div>\r\n\r\n        <div class=\"half-content col-lg-6 col-12 order-2\"><h1 class=\" zw-cgb headline\">Dates et faits<\/h1><div class=\"inner-content list-col-1\"><p class=\" zw-cgb fulltext\">Fondation: 1986<\/p><p class=\" zw-cgb fulltext\">Type d&rsquo;entreprise: SA<\/p><p class=\" zw-cgb fulltext\">Branches: 7<\/p><p class=\" zw-cgb fulltext\">Sp\u00e9cialisation: recrutement technologique, recherche de cadres, Vesterling Academy, services d&rsquo;orientation professionnelle, outplacement<\/p><p class=\" zw-cgb fulltext\">Nombre de clients: 2.500+<\/p><p class=\" zw-cgb fulltext\">Base de donn\u00e9es des candidats: 300.000 sp\u00e9cialistes et gestionnaires<\/p><p class=\" zw-cgb fulltext\">Conseil de surveillance: G\u00fcnther Steidl (Pr\u00e9sident), Lieutenant-Colonel (retrait\u00e9) Andreas Meyer-Russer, Klaus Tronsberg (Gestionnaire Financier Dipl\u00f4m\u00e9)<\/p><p class=\" zw-cgb fulltext\">Conseil d&rsquo;administration: Martin Vesterling &#8211; ing\u00e9nieur en informatique, Dr. Eva Vesterling<\/p><\/div><div class=\"link-container\"><\/div><\/div>      <\/div>\r\n\r\n    <\/div>\r\n\n\n    <div  class=\"zw-cgb halb-halb-block fullwidth default-margin\">\r\n      <div class=\"row\">\r\n        <div class=\"col-lg-6 col-12 image order-1 order-lg-2  px-0\">\r\n          <img decoding=\"async\" loading=\"lazy\" width=\"1024px\" height=\"483px\" alt=\"\" src=\"https:\/\/www.vesterling.com\/wp-content\/uploads\/2021\/08\/vesterling_mann_stehend_mit_laptop_im_meeting.jpg\" srcset=\"https:\/\/www.vesterling.com\/wp-content\/uploads\/2021\/08\/vesterling_mann_stehend_mit_laptop_im_meeting.jpg 960w, https:\/\/www.vesterling.com\/wp-content\/uploads\/2021\/08\/vesterling_mann_stehend_mit_laptop_im_meeting-768x512.jpg 768w, https:\/\/www.vesterling.com\/wp-content\/uploads\/2021\/08\/vesterling_mann_stehend_mit_laptop_im_meeting-480x320.jpg 480w\" sizes=\"auto, (max-width: 1024px) 100vw, 1024px\">        <\/div>\r\n\r\n        <div class=\"half-content col-lg-6 col-12 order-2 order-lg-1\"><h2 class=\" zw-cgb headline\">Nos services<\/h2><div class=\"inner-content list-col-1\"><ul class=\"zw-cgb-ul\"><li class=\"\">Conseil en personnel<\/li><li class=\"\">Recruiting<\/li><li class=\"\">Executive Search<\/li><li class=\"\">Academy<\/li><li class=\"\">Services de d\u00e9veloppement de carri\u00e8re<\/li><li class=\"\">Outplacement<\/li><li class=\"\">Participation aux appels d&rsquo;offres<\/li><li class=\"\">Freelance<\/li><li class=\"\">Management int\u00e9rimaire<\/li><li class=\"\">Succession d\u2019entreprises<\/li><li class=\"\">Fusions et acquisitions<\/li><li class=\"\">Conseil en processus RH<\/li><\/ul><\/div><div class=\"link-container\"><\/div><\/div>      <\/div>\r\n\r\n    <\/div>\r\n\n\n\r\n    <div  class=\"zw-cgb textblock default-margin\">\r\n      <div class=\"row\">\r\n        <div class=\"zw-cgb-content mx-auto col-12 col-lg-8 \">\r\n          <h2 class=\"inner-headline\">Sp\u00e9cialisation dans les postes technologiques<\/h2><p class=\" zw-cgb fulltext\">La sp\u00e9cialisation initiale dans le domaine de l&rsquo;informatique a \u00e9t\u00e9 \u00e9tendue en 2008 au domaine de l&rsquo;ing\u00e9nierie. Martin Vesterling: \u00ab\u00a0La sp\u00e9cialisation dans les postes technologiques nous permet d&rsquo;identifier avec pr\u00e9cision les exigences professionnelles de nos clients et de gagner ainsi un temps pr\u00e9cieux\u00a0\u00bb. Vesterling dispose d&rsquo;une base de donn\u00e9es d&rsquo;offres d&#8217;emploi actualis\u00e9e quotidiennement, avec un acc\u00e8s \u00e0 un historique de plus de 100.000 postes technologiques publi\u00e9s et des contacts personnels avec pr\u00e8s de 300.000 sp\u00e9cialistes et cadres.<\/p><p class=\" zw-cgb fulltext\">Au niveau international, Vesterling s&rsquo;est concentr\u00e9 sur l&rsquo;espace germanophone. En Allemagne, Vesterling est repr\u00e9sent\u00e9 \u00e0 Berlin, D\u00fcsseldorf, Hambourg et Cologne, en plus de son bureau principal de Munich. Les clients autrichiens et am\u00e9ricains sont suivis par les bureaux respectifs de ces deux pays.<\/p>        <\/div>\r\n      <\/div>\r\n    <\/div>\r\n\r\n\n\n    <div  class=\"zw-cgb halb-halb-block fullwidth default-margin\">\r\n      <div class=\"row\">\r\n        <div class=\"col-lg-6 col-12 image order-1 order-lg-2  px-0\">\r\n          <img decoding=\"async\" loading=\"lazy\" width=\"1024px\" height=\"483px\" alt=\"\" src=\"https:\/\/www.vesterling.com\/wp-content\/uploads\/2021\/08\/vesterling_meeting_mann_arbeitet_am_laptop.jpg\" srcset=\"https:\/\/www.vesterling.com\/wp-content\/uploads\/2021\/08\/vesterling_meeting_mann_arbeitet_am_laptop.jpg 960w, https:\/\/www.vesterling.com\/wp-content\/uploads\/2021\/08\/vesterling_meeting_mann_arbeitet_am_laptop-768x512.jpg 768w, https:\/\/www.vesterling.com\/wp-content\/uploads\/2021\/08\/vesterling_meeting_mann_arbeitet_am_laptop-480x320.jpg 480w\" sizes=\"auto, (max-width: 1024px) 100vw, 1024px\">        <\/div>\r\n\r\n        <div class=\"half-content col-lg-6 col-12 order-2 order-lg-1\"><h2 class=\" zw-cgb headline\">Notre expertise<\/h2><div class=\"inner-content list-col-1\"><p class=\" zw-cgb fulltext\"><strong>Nous disposons d&rsquo;une expertise de placement particuli\u00e8rement \u00e9lev\u00e9e en<\/strong><\/p><p class=\" zw-cgb fulltext\">Direction informatique | IA | Num\u00e9risation | CIO | CDO | Gestion des services informatiques | Business Intelligence | SCRUM Master | Syst\u00e8mes embarqu\u00e9s | DevOps | Java | Administration informatique | C# | SAP | D\u00e9veloppement de logiciels | SCRUM Product Owner | Gestion de la qualit\u00e9 des logiciels | Gouvernance informatique | Syst\u00e8mes ERP | Ventes informatiques | Ing\u00e9nierie des donn\u00e9es | S\u00e9curit\u00e9 informatique<\/p><\/div><div class=\"link-container\"><\/div><\/div>      <\/div>\r\n\r\n    <\/div>\r\n\n\n    <div  class=\"zw-cgb halb-halb-block fullwidth default-margin\">\r\n      <div class=\"row\">\r\n        <div class=\"col-lg-6 col-12 image order-1  px-0\">\r\n          <img decoding=\"async\" loading=\"lazy\" width=\"1024px\" height=\"483px\" alt=\"Martin Vesterling am PC\" src=\"https:\/\/www.vesterling.com\/wp-content\/uploads\/2021\/08\/vesterling_m_sitzend_am_computer.jpg\" srcset=\"https:\/\/www.vesterling.com\/wp-content\/uploads\/2021\/08\/vesterling_m_sitzend_am_computer.jpg 960w, https:\/\/www.vesterling.com\/wp-content\/uploads\/2021\/08\/vesterling_m_sitzend_am_computer-768x512.jpg 768w, https:\/\/www.vesterling.com\/wp-content\/uploads\/2021\/08\/vesterling_m_sitzend_am_computer-480x320.jpg 480w\" sizes=\"auto, (max-width: 1024px) 100vw, 1024px\">        <\/div>\r\n\r\n        <div class=\"half-content col-lg-6 col-12 order-2\"><h2 class=\" zw-cgb headline\">Intelligence humaine et artificielle<\/h2><div class=\"inner-content list-col-1\"><p class=\" zw-cgb fulltext\">Le propri\u00e9taire de l&rsquo;entreprise, Martin Vesterling, informaticien dipl\u00f4m\u00e9, a continuellement d\u00e9velopp\u00e9 le conseil en recrutement en utilisant la num\u00e9risation croissante. Il pose ainsi des jalons dans le placement de sp\u00e9cialistes et de cadres: \u00ab\u00a0Le conseil en personnel vit du fait de trouver les meilleurs pour une t\u00e2che et d&rsquo;offrir des perspectives profitables aux personnes et aux entreprises. Nous travaillons chaque jour avec ardeur pour nos clients et nos candidats. Pour r\u00e9unir les bonnes personnes, nous utilisons l&rsquo;intelligence humaine et artificielle\u00a0\u00bb.<\/p><p class=\" zw-cgb fulltext\">En raison de sa longue activit\u00e9 sur le march\u00e9, Vesterling dispose d&rsquo;un r\u00e9seau unique qui, gr\u00e2ce aux technologies de l&rsquo;information les plus modernes, donne d&rsquo;excellents r\u00e9sultats dans la mise en relation des offres d&#8217;emploi et des collaborateurs. Vesterling attache une importance particuli\u00e8re \u00e0 la qualification de son personnel. Toutes les forces vives b\u00e9n\u00e9ficient d&rsquo;une formation continue et, chose inhabituelle dans le secteur, les conseillers disposent tous d&rsquo;un dipl\u00f4me universitaire sp\u00e9cialis\u00e9.<\/p><\/div><div class=\"link-container\"><\/div><\/div>      <\/div>\r\n\r\n    <\/div>\r\n","protected":false},"excerpt":{"rendered":"<div  class=\"zw-cgb textblock default-margin\">\n<div class=\"row\">\n<div class=\"zw-cgb-content mx-auto col-12 col-lg-8 \">\n<h2 class=\"inner-headline\">Vesterling: le leader dans le domaine de la technologie <\/h2>\n<p class=\" zw-cgb fulltext\">Depuis 1986, Vesterling est l&rsquo;un des leaders du recrutement dans le domaine de la technologie. Nous entretenons un r\u00e9seau intensif avec de nombreux faiseurs et d\u00e9cideurs \u00e0 tous les niveaux. Pour nos clients, nous occupons en permanence des postes allant de d\u00e9veloppeur de logiciels \u00e0 directeur informatique, d&rsquo;ing\u00e9nieur commercial \u00e0 directeur du d\u00e9veloppement. Nous trouvons les meilleurs sp\u00e9cialistes et cadres afin qu&rsquo;ils puissent r\u00e9aliser leurs objectifs d&rsquo;entreprise. Nos candidats atteignent leurs objectifs de carri\u00e8re avec notre soutien.<\/p>\n<p class=\" zw-cgb fulltext\">Ce qui nous distingue de nos concurrents, c&rsquo;est la qualification professionnelle sp\u00e9cifique de nos conseillers en recrutement, notre acc\u00e8s professionnel unique aux sp\u00e9cialistes du march\u00e9 ainsi que, dans le domaine du recrutement, la facturation sur la base des r\u00e9sultats.<\/p>\n<\/p><\/div>\n<\/p><\/div>\n<\/p><\/div>\n","protected":false},"author":9,"featured_media":54312,"parent":43850,"menu_order":20,"comment_status":"closed","ping_status":"closed","template":"","meta":{"_relevanssi_hide_post":"","_relevanssi_hide_content":"","_relevanssi_pin_for_all":"","_relevanssi_pin_keywords":"","_relevanssi_unpin_keywords":"","_relevanssi_related_keywords":"","_relevanssi_related_include_ids":"","_relevanssi_related_exclude_ids":"","_relevanssi_related_no_append":"","_relevanssi_related_not_related":"","_relevanssi_related_posts":"","_relevanssi_noindex_reason":"","footnotes":""},"class_list":["post-43830","page","type-page","status-publish","has-post-thumbnail","hentry"],"_links":{"self":[{"href":"https:\/\/www.vesterling.com\/fr\/wp-json\/wp\/v2\/pages\/43830","targetHints":{"allow":["GET"]}}],"collection":[{"href":"https:\/\/www.vesterling.com\/fr\/wp-json\/wp\/v2\/pages"}],"about":[{"href":"https:\/\/www.vesterling.com\/fr\/wp-json\/wp\/v2\/types\/page"}],"author":[{"embeddable":true,"href":"https:\/\/www.vesterling.com\/fr\/wp-json\/wp\/v2\/users\/9"}],"replies":[{"embeddable":true,"href":"https:\/\/www.vesterling.com\/fr\/wp-json\/wp\/v2\/comments?post=43830"}],"version-history":[{"count":22,"href":"https:\/\/www.vesterling.com\/fr\/wp-json\/wp\/v2\/pages\/43830\/revisions"}],"predecessor-version":[{"id":1869801,"href":"https:\/\/www.vesterling.com\/fr\/wp-json\/wp\/v2\/pages\/43830\/revisions\/1869801"}],"up":[{"embeddable":true,"href":"https:\/\/www.vesterling.com\/fr\/wp-json\/wp\/v2\/pages\/43850"}],"wp:featuredmedia":[{"embeddable":true,"href":"https:\/\/www.vesterling.com\/fr\/wp-json\/wp\/v2\/media\/54312"}],"wp:attachment":[{"href":"https:\/\/www.vesterling.com\/fr\/wp-json\/wp\/v2\/media?parent=43830"}],"curies":[{"name":"wp","href":"https:\/\/api.w.org\/{rel}","templated":true}]}}