{"id":42246,"date":"2021-09-15T12:00:50","date_gmt":"2021-09-15T10:00:50","guid":{"rendered":"https:\/\/www.vesterling.com\/methode-executive-search-fr\/"},"modified":"2023-04-20T09:43:48","modified_gmt":"2023-04-20T07:43:48","slug":"executive-search","status":"publish","type":"page","link":"https:\/\/www.vesterling.com\/fr\/executive-search\/","title":{"rendered":"Executive Search"},"content":{"rendered":"\r\n    <div  class=\"zw-cgb textblock default-margin\">\r\n      <div class=\"row\">\r\n        <div class=\"zw-cgb-content mx-auto col-12 col-lg-8 \">\r\n          <h2 class=\"inner-headline\">RECRUTEMENT DES POSTES DE DIRECTION EN INFORMATION ET EN ING\u00c9NIERIE<\/h2><p class=\" zw-cgb fulltext\">Vous avez besoin du soutien d&rsquo;un cabinet de recrutement qui comprend la technologie?<br>Alors vous pouvez compter sur notre expertise pour trouver des cadres dans les domaines de l&rsquo;informatique et de l&rsquo;ing\u00e9nierie. Le fait que nous soyons sp\u00e9cialis\u00e9s dans l&rsquo;informatique et l&rsquo;ing\u00e9nierie apporte \u00e0 nos clients des avantages directs dans leur recherche de personnel: un savoir-faire solide, les meilleurs contacts et de pr\u00e9cieuses connaissances d&rsquo;initi\u00e9s.<\/p>        <\/div>\r\n      <\/div>\r\n    <\/div>\r\n\r\n\n\n    <div  class=\"zw-cgb halb-halb-block boxed default-margin\">\r\n      <div class=\"row\">\r\n        <div class=\"col-lg-6 col-12 image order-1 order-lg-2  px-0\">\r\n          <img decoding=\"async\" loading=\"lazy\" width=\"1024px\" height=\"483px\" alt=\"\" src=\"https:\/\/www.vesterling.com\/wp-content\/uploads\/2021\/08\/vesterling_meeting_am_tisch_4er_gruppe.jpg\" srcset=\"https:\/\/www.vesterling.com\/wp-content\/uploads\/2021\/08\/vesterling_meeting_am_tisch_4er_gruppe.jpg 960w, https:\/\/www.vesterling.com\/wp-content\/uploads\/2021\/08\/vesterling_meeting_am_tisch_4er_gruppe-768x512.jpg 768w, https:\/\/www.vesterling.com\/wp-content\/uploads\/2021\/08\/vesterling_meeting_am_tisch_4er_gruppe-480x320.jpg 480w\" sizes=\"auto, (max-width: 1024px) 100vw, 1024px\">        <\/div>\r\n\r\n        <div class=\"half-content col-lg-6 col-12 order-2 order-lg-1\"><h1 class=\" zw-cgb headline\">RECHERCHE EFFICACE DE CADRES DANS LE DOMAINE DE LA TECHNOLOGIE<\/h1><div class=\"inner-content list-col-1\"><p class=\" zw-cgb fulltext\">Vesterling est l&rsquo;un des sp\u00e9cialistes les plus exp\u00e9riment\u00e9s en mati\u00e8re de recrutement de cadres et de dirigeants dans le domaine technologique. Dans l&rsquo;approche directe des candidats, Vesterling combine les \u00e9l\u00e9ments les plus judicieux du conseil en ressources humaines, de la recherche et de la chasse de t\u00eates en un concept global r\u00e9ussi. Ainsi, les offres d&#8217;emploi pour vos futurs cadres b\u00e9n\u00e9ficient de l&rsquo;attention et de l&rsquo;estime du march\u00e9 qui correspondent \u00e0 la mission. Un suivi de haute qualit\u00e9 par nos experts en technologie et une connaissance approfondie du secteur garantissent aux deux parties que les attentes et les exigences correspondent. Les meilleures conditions sont donc r\u00e9unies pour que les d\u00e9cisions en mati\u00e8re de personnel soient durablement couronn\u00e9es de succ\u00e8s.<\/p><\/div><div class=\"link-container\"><\/div><\/div>      <\/div>\r\n\r\n    <\/div>\r\n\n\n    <div  class=\"zw-cgb halb-halb-block boxed default-margin\">\r\n      <div class=\"row\">\r\n        <div class=\"col-lg-6 col-12 image order-1  px-0\">\r\n          <img decoding=\"async\" loading=\"lazy\" width=\"1024px\" height=\"483px\" alt=\"\" src=\"https:\/\/www.vesterling.com\/wp-content\/uploads\/2021\/08\/vesterling_mann_stehend_mit_laptop_im_meeting.jpg\" srcset=\"https:\/\/www.vesterling.com\/wp-content\/uploads\/2021\/08\/vesterling_mann_stehend_mit_laptop_im_meeting.jpg 960w, https:\/\/www.vesterling.com\/wp-content\/uploads\/2021\/08\/vesterling_mann_stehend_mit_laptop_im_meeting-768x512.jpg 768w, https:\/\/www.vesterling.com\/wp-content\/uploads\/2021\/08\/vesterling_mann_stehend_mit_laptop_im_meeting-480x320.jpg 480w\" sizes=\"auto, (max-width: 1024px) 100vw, 1024px\">        <\/div>\r\n\r\n        <div class=\"half-content col-lg-6 col-12 order-2\"><h2 class=\" zw-cgb headline\">LE SUCC\u00c8S DE L&rsquo;ENTREPRISE GR\u00c2CE \u00c0 UNE S\u00c9LECTION S\u00dbRE DU PERSONNEL<\/h2><div class=\"inner-content list-col-1\"><p class=\" zw-cgb fulltext\">Parce que nous savons que la bonne d\u00e9cision en mati\u00e8re de personnel peut \u00eatre d\u00e9cisive pour le succ\u00e8s de toute une entreprise, nous utilisons notre expertise pour \u00e9valuer de mani\u00e8re compr\u00e9hensible les qualifications des candidats potentiels. Pour ce faire, nous combinons dans l&rsquo;Executive Search les meilleurs \u00e9l\u00e9ments du conseil en personnel et de la chasse de t\u00eates. Des conseils de haute qualit\u00e9 fournis par des experts en technologie sont compl\u00e9t\u00e9s par une connaissance approfondie du secteur et un r\u00e9seau unique de candidats. C&rsquo;est pourquoi Vesterling est plus qu&rsquo;un cabinet de recrutement et plus qu&rsquo;une soci\u00e9t\u00e9 de chasse de t\u00eates. C&rsquo;est pourquoi nous faisons de votre d\u00e9cision de recrutement dans le domaine de la technologie un succ\u00e8s.<\/p><\/div><div class=\"link-container\"><\/div><\/div>      <\/div>\r\n\r\n    <\/div>\r\n\n\n    <div  class=\"zw-cgb halb-halb-block boxed default-margin\">\r\n      <div class=\"row\">\r\n        <div class=\"col-lg-6 col-12 image order-1 order-lg-2  px-0\">\r\n          <img decoding=\"async\" loading=\"lazy\" width=\"1024px\" height=\"483px\" alt=\"\" src=\"https:\/\/www.vesterling.com\/wp-content\/uploads\/2021\/08\/vesterling_mann_sitzt_mit_laptop.jpg\" srcset=\"https:\/\/www.vesterling.com\/wp-content\/uploads\/2021\/08\/vesterling_mann_sitzt_mit_laptop.jpg 960w, https:\/\/www.vesterling.com\/wp-content\/uploads\/2021\/08\/vesterling_mann_sitzt_mit_laptop-768x512.jpg 768w, https:\/\/www.vesterling.com\/wp-content\/uploads\/2021\/08\/vesterling_mann_sitzt_mit_laptop-480x320.jpg 480w\" sizes=\"auto, (max-width: 1024px) 100vw, 1024px\">        <\/div>\r\n\r\n        <div class=\"half-content col-lg-6 col-12 order-2 order-lg-1\"><h2 class=\" zw-cgb headline\">RECHERCHE QUALIFI\u00c9E<\/h2><div class=\"inner-content list-col-1\"><p class=\" zw-cgb fulltext\">La s\u00e9lection de candidats pour la gestion informatique requiert du doigt\u00e9, en particulier lorsque des cadres sont recherch\u00e9s et que des fonctions cl\u00e9s de l&rsquo;entreprise sont \u00e0 pourvoir. Afin d&rsquo;obtenir les meilleurs r\u00e9sultats possibles et une valeur ajout\u00e9e convaincante, nos chercheurs int\u00e8grent toute une s\u00e9rie de caract\u00e9ristiques dans le processus de recherche: Outre les connaissances techniques d\u00e9taill\u00e9es, il s&rsquo;agit avant tout de qualit\u00e9s de direction pertinentes et de la capacit\u00e9 \u00e0 contribuer de mani\u00e8re positive \u00e0 la culture d&rsquo;entreprise existante en tant que personnalit\u00e9.<\/p><\/div><div class=\"link-container\"><\/div><\/div>      <\/div>\r\n\r\n    <\/div>\r\n\n\n    <div  class=\"zw-cgb halb-halb-block boxed default-margin\">\r\n      <div class=\"row\">\r\n        <div class=\"col-lg-6 col-12 image order-1  px-0\">\r\n          <img decoding=\"async\" loading=\"lazy\" width=\"1024px\" height=\"483px\" alt=\"\" src=\"https:\/\/www.vesterling.com\/wp-content\/uploads\/2021\/08\/vesterling_4er_gruppe_gespraech_auf_dem_gang.jpg\" srcset=\"https:\/\/www.vesterling.com\/wp-content\/uploads\/2021\/08\/vesterling_4er_gruppe_gespraech_auf_dem_gang.jpg 960w, https:\/\/www.vesterling.com\/wp-content\/uploads\/2021\/08\/vesterling_4er_gruppe_gespraech_auf_dem_gang-768x512.jpg 768w, https:\/\/www.vesterling.com\/wp-content\/uploads\/2021\/08\/vesterling_4er_gruppe_gespraech_auf_dem_gang-480x320.jpg 480w\" sizes=\"auto, (max-width: 1024px) 100vw, 1024px\">        <\/div>\r\n\r\n        <div class=\"half-content col-lg-6 col-12 order-2\"><h2 class=\" zw-cgb headline\">UN CONSEIL OPTIMAL POUR UN RECRUTEMENT R\u00c9USSI<\/h2><div class=\"inner-content list-col-1\"><p class=\" zw-cgb fulltext\">Pour les missions de recherche de cadres, nous nous occupons exclusivement de nos clients. Leurs int\u00e9r\u00eats sont au centre de nos conseils et de notre soutien afin que la recherche soit couronn\u00e9e de succ\u00e8s. Pour que ce succ\u00e8s fasse progresser l&rsquo;entreprise et ses collaborateurs \u00e0 long terme, nous garantissons une s\u00e9curit\u00e9 de d\u00e9cision particuli\u00e8rement \u00e9lev\u00e9e pour les deux parties gr\u00e2ce \u00e0 l&rsquo;Executive Recruiting. C&rsquo;est \u00e0 cela que nous mesurons notre succ\u00e8s &#8211; et la satisfaction de nos clients.<\/p><\/div><div class=\"link-container\"><\/div><\/div>      <\/div>\r\n\r\n    <\/div>\r\n\n\n    <div  class=\"zw-cgb halb-halb-block fullwidth default-margin\">\r\n      <div class=\"row\">\r\n        <div class=\"col-lg-6 col-12 image order-1  px-0\">\r\n          <img decoding=\"async\" loading=\"lazy\" width=\"1024px\" height=\"483px\" alt=\"\" src=\"https:\/\/www.vesterling.com\/wp-content\/uploads\/2021\/08\/vesterling_mann_mit-handy_stehend_im_buero.jpg\" srcset=\"https:\/\/www.vesterling.com\/wp-content\/uploads\/2021\/08\/vesterling_mann_mit-handy_stehend_im_buero.jpg 960w, https:\/\/www.vesterling.com\/wp-content\/uploads\/2021\/08\/vesterling_mann_mit-handy_stehend_im_buero-768x512.jpg 768w, https:\/\/www.vesterling.com\/wp-content\/uploads\/2021\/08\/vesterling_mann_mit-handy_stehend_im_buero-480x320.jpg 480w\" sizes=\"auto, (max-width: 1024px) 100vw, 1024px\">        <\/div>\r\n\r\n        <div class=\"half-content col-lg-6 col-12 order-2\"><h2 class=\" zw-cgb headline\">Contact<\/h2><div class=\"inner-content list-col-1\"><p class=\" zw-cgb fulltext\">Nous nous ferons un plaisir de vous conseiller lors d&rsquo;un entretien confidentiel et sans engagement.<\/p><p class=\" zw-cgb fulltext\">Vous pouvez nous joindre au +49 (89) 411114-0 ou par e-mail :<\/p><div class=\"zw-cgb zw-cgb-button-container\">\r\n                    <a class=\"zw-cgb btn btn-primary\" href=\"mailto:Welcome@Vesterling.com&#038;subject=%20Demander des informations \" target=\"_self\">Welcome@Vesterling.com<\/a><\/div><\/div><div class=\"link-container\"><\/div><\/div>      <\/div>\r\n\r\n    <\/div>\r\n","protected":false},"excerpt":{"rendered":"<div  class=\"zw-cgb textblock default-margin\">\n<div class=\"row\">\n<div class=\"zw-cgb-content mx-auto col-12 col-lg-8 \">\n<h2 class=\"inner-headline\">RECRUTEMENT DES POSTES DE DIRECTION EN INFORMATION ET EN ING\u00c9NIERIE<\/h2>\n<p class=\" zw-cgb fulltext\">Vous avez besoin du soutien d&rsquo;un cabinet de recrutement qui comprend la technologie?<br \/>Alors vous pouvez compter sur notre expertise pour trouver des cadres dans les domaines de l&rsquo;informatique et de l&rsquo;ing\u00e9nierie. Le fait que nous soyons sp\u00e9cialis\u00e9s dans l&rsquo;informatique et l&rsquo;ing\u00e9nierie apporte \u00e0 nos clients des avantages directs dans leur recherche de personnel: un savoir-faire solide, les meilleurs contacts et de pr\u00e9cieuses connaissances d&rsquo;initi\u00e9s.<\/p>\n<\/p><\/div>\n<\/p><\/div>\n<\/p><\/div>\n","protected":false},"author":1,"featured_media":49910,"parent":0,"menu_order":30,"comment_status":"closed","ping_status":"closed","template":"","meta":{"_relevanssi_hide_post":"","_relevanssi_hide_content":"","_relevanssi_pin_for_all":"","_relevanssi_pin_keywords":"","_relevanssi_unpin_keywords":"","_relevanssi_related_keywords":"","_relevanssi_related_include_ids":"","_relevanssi_related_exclude_ids":"","_relevanssi_related_no_append":"","_relevanssi_related_not_related":"","_relevanssi_related_posts":"","_relevanssi_noindex_reason":"","footnotes":""},"class_list":["post-42246","page","type-page","status-publish","has-post-thumbnail","hentry"],"_links":{"self":[{"href":"https:\/\/www.vesterling.com\/fr\/wp-json\/wp\/v2\/pages\/42246","targetHints":{"allow":["GET"]}}],"collection":[{"href":"https:\/\/www.vesterling.com\/fr\/wp-json\/wp\/v2\/pages"}],"about":[{"href":"https:\/\/www.vesterling.com\/fr\/wp-json\/wp\/v2\/types\/page"}],"author":[{"embeddable":true,"href":"https:\/\/www.vesterling.com\/fr\/wp-json\/wp\/v2\/users\/1"}],"replies":[{"embeddable":true,"href":"https:\/\/www.vesterling.com\/fr\/wp-json\/wp\/v2\/comments?post=42246"}],"version-history":[{"count":10,"href":"https:\/\/www.vesterling.com\/fr\/wp-json\/wp\/v2\/pages\/42246\/revisions"}],"predecessor-version":[{"id":847855,"href":"https:\/\/www.vesterling.com\/fr\/wp-json\/wp\/v2\/pages\/42246\/revisions\/847855"}],"wp:featuredmedia":[{"embeddable":true,"href":"https:\/\/www.vesterling.com\/fr\/wp-json\/wp\/v2\/media\/49910"}],"wp:attachment":[{"href":"https:\/\/www.vesterling.com\/fr\/wp-json\/wp\/v2\/media?parent=42246"}],"curies":[{"name":"wp","href":"https:\/\/api.w.org\/{rel}","templated":true}]}}